{"id":9390,"date":"2022-03-31T13:18:47","date_gmt":"2022-03-31T11:18:47","guid":{"rendered":"https:\/\/www.bodegasitsasmendi.com\/our-txakoli-wines\/bat-berri\/"},"modified":"2026-02-09T10:50:29","modified_gmt":"2026-02-09T09:50:29","slug":"bat-berri","status":"publish","type":"page","link":"https:\/\/bodegasitsasmendi.com\/en\/our-txakoli-wines\/bat-berri\/","title":{"rendered":"Bat Berri"},"content":{"rendered":"\n<div class=\"wp-block-columns are-vertically-aligned-center block-image-text is-layout-flex wp-container-core-columns-is-layout-9d6595d7 wp-block-columns-is-layout-flex\">\n<div class=\"wp-block-column is-vertically-aligned-center block-image-text--image is-layout-flow wp-block-column-is-layout-flow\"><div class=\"wp-block-image\">\n<figure class=\"aligncenter size-full\"><img loading=\"lazy\" decoding=\"async\" width=\"800\" height=\"800\" src=\"https:\/\/bodegasitsasmendi.com\/wp-content\/uploads\/montaje-botellas-3-BAT-BERRI-2022.png\" alt=\"BAT BERRI 2022\" class=\"wp-image-11398\" srcset=\"https:\/\/bodegasitsasmendi.com\/wp-content\/uploads\/montaje-botellas-3-BAT-BERRI-2022.png 800w, https:\/\/bodegasitsasmendi.com\/wp-content\/uploads\/montaje-botellas-3-BAT-BERRI-2022-300x300.png 300w, https:\/\/bodegasitsasmendi.com\/wp-content\/uploads\/montaje-botellas-3-BAT-BERRI-2022-150x150.png 150w, https:\/\/bodegasitsasmendi.com\/wp-content\/uploads\/montaje-botellas-3-BAT-BERRI-2022-768x768.png 768w, https:\/\/bodegasitsasmendi.com\/wp-content\/uploads\/montaje-botellas-3-BAT-BERRI-2022-75x75.png 75w, https:\/\/bodegasitsasmendi.com\/wp-content\/uploads\/montaje-botellas-3-BAT-BERRI-2022-600x600.png 600w\" sizes=\"auto, (max-width: 800px) 100vw, 800px\" \/><\/figure><\/div><\/div>\n\n\n\n<div class=\"wp-block-column is-vertically-aligned-center block-image-text--text is-layout-flow wp-block-column-is-layout-flow\">\n<h2 class=\"wp-block-heading\">Carbonic maceration<\/h2>\n\n\n\n<p>HONDARRABI ZURI 100%<\/p>\n\n\n\n<p><em>Vineyards<\/em>: This Txakoli is made with HONDARRABI ZURI from a second-maturity plot, located in Gernika and Mungia.<\/p>\n\n\n\n<p><em>Elaboration<\/em>: Carbonic maceration with whole bunch during 15 days and spontaneous fermentation with indigenous yeasts in truncated conical stainless steel tank. With it transmits with personality the rustic and wild character of the Hondarrabi Zuri.<\/p>\n\n\n\n<div class=\"wp-block-buttons is-layout-flex wp-block-buttons-is-layout-flex\">\n<div class=\"wp-block-button btn btn-border-secondary is-style-outline is-style-outline--1\"><a class=\"wp-block-button__link wp-element-button\" href=\"https:\/\/artizarenoturismo.com\/en\/product\/batberri\/\" style=\"border-radius:0px\" target=\"_blank\" rel=\"noreferrer noopener\">BUY TXAKOLI<\/a><\/div>\n<\/div>\n<\/div>\n<\/div>\n\n\n\n<div class=\"wp-block-columns cc-vino-datos is-layout-flex wp-container-core-columns-is-layout-9d6595d7 wp-block-columns-is-layout-flex\">\n<div class=\"wp-block-column is-layout-flow wp-block-column-is-layout-flow\">\n<h3 class=\"wp-block-heading has-text-align-center\">Alcohol<\/h3>\n\n\n\n<p class=\"has-text-align-center\">13,8%<\/p>\n<\/div>\n\n\n\n<div class=\"wp-block-column is-layout-flow wp-block-column-is-layout-flow\">\n<h3 class=\"wp-block-heading has-text-align-center\">Last vintage<\/h3>\n\n\n\n<p class=\"has-text-align-center\">2022<\/p>\n<\/div>\n<\/div>\n\n\n\n<figure class=\"wp-block-image alignfull size-large\"><img loading=\"lazy\" decoding=\"async\" width=\"1024\" height=\"478\" src=\"https:\/\/bodegasitsasmendi.com\/wp-content\/uploads\/BG_Header-batberri-1-1024x478.jpg\" alt=\"\" class=\"wp-image-9218\" srcset=\"https:\/\/bodegasitsasmendi.com\/wp-content\/uploads\/BG_Header-batberri-1-1024x478.jpg 1024w, https:\/\/bodegasitsasmendi.com\/wp-content\/uploads\/BG_Header-batberri-1-300x140.jpg 300w, https:\/\/bodegasitsasmendi.com\/wp-content\/uploads\/BG_Header-batberri-1-768x358.jpg 768w, https:\/\/bodegasitsasmendi.com\/wp-content\/uploads\/BG_Header-batberri-1.jpg 1440w\" sizes=\"auto, (max-width: 1024px) 100vw, 1024px\" \/><\/figure>\n\n\n\n<p class=\"has-text-align-left special-p special-p-oval\">Carbonic maceration<\/p>\n\n\n\n<div class=\"wp-block-group\"><div class=\"wp-block-group__inner-container is-layout-flow wp-block-group-is-layout-flow\"><\/div><\/div>\n\n\n\n<div class=\"wp-block-columns is-layout-flex wp-container-core-columns-is-layout-9d6595d7 wp-block-columns-is-layout-flex\">\n<div class=\"wp-block-column is-layout-flow wp-block-column-is-layout-flow\">\n<p><\/p>\n<\/div>\n\n\n\n<div class=\"wp-block-column is-layout-flow wp-block-column-is-layout-flow\"><\/div>\n<\/div>\n\n\n\n<figure class=\"wp-block-embed is-type-video is-provider-youtube wp-block-embed-youtube wp-embed-aspect-16-9 wp-has-aspect-ratio\"><div class=\"wp-block-embed__wrapper\">\n<iframe loading=\"lazy\" title=\"Itsasmendi Bat Berri\" width=\"500\" height=\"281\" src=\"https:\/\/www.youtube.com\/embed\/fv3pMb9yjoA?feature=oembed\" frameborder=\"0\" allow=\"accelerometer; autoplay; clipboard-write; encrypted-media; gyroscope; picture-in-picture; web-share\" referrerpolicy=\"strict-origin-when-cross-origin\" allowfullscreen><\/iframe>\n<\/div><\/figure>\n\n\n\n<div class=\"wp-block-group gs-relative\"><div class=\"wp-block-group__inner-container is-layout-flow wp-block-group-is-layout-flow\">\n<h2 class=\"wp-block-heading block-title in-page\">What they say about our txakoli<\/h2>\n\n\n\n<div id=\"one-col-slider-block_c3f12bf4a6ab467527bebd17b28b8967\" class=\"cc-one-col-slider\">\n\n    <div class=\"cc-one-col-slider-wrapper\">\n\n    \n            <!-- Slider main container -->\n            <div class=\"swiper-container swiper-container-header\">\n                \n                <!-- Additional required wrapper -->\n                <div class=\"swiper-wrapper\">\n                    <!-- Slides -->\n            \n                                            <div class=\"swiper-slide\">\n                            <div class=\"slide-wrap\">\n\n\n                                \n                                <p class=\"slider-title\">\u201cItsasmendi Bat Berri 2018 &#8211; 91 puntos&#8221;<\/p>                                 \n                                \n                                <p><strong>Bat Berri 2018<\/strong><br \/>\nRobert Parker<\/p>\n                                \n                               \n                            <\/div>\n                        <\/div><!-- .swiper-slide -->\n                        \n\n                                            <div class=\"swiper-slide\">\n                            <div class=\"slide-wrap\">\n\n\n                                \n                                <p class=\"slider-title\">\u201cItsasmendi Bat Berri 2018 &#8211; 92 puntos\u201d<\/p>                                 \n                                \n                                <p><strong>Bat Berri 2018<\/strong><br \/>\nJames Suckling<\/p>\n                                \n                               \n                            <\/div>\n                        <\/div><!-- .swiper-slide -->\n                        \n\n                                            <div class=\"swiper-slide\">\n                            <div class=\"slide-wrap\">\n\n\n                                \n                                <p class=\"slider-title\">\u201cItsasmendi Bat Berri 2018 &#8211; 91 puntos\u201d<\/p>                                 \n                                \n                                <p><strong>Bat Berri 2018<\/strong><br \/>\nGu\u00eda Pe\u00f1\u00edn, 2021<\/p>\n                                \n                               \n                            <\/div>\n                        <\/div><!-- .swiper-slide -->\n                        \n\n                                    \n                <\/div><!-- .swiper-wrapper -->\n\n                <!-- Arrows navigation -->                    \n                <div class=\"one-col-swiper-button-prev arrows-navigation\"><\/div>\n                <div class=\"one-col-swiper-button-next arrows-navigation\"><\/div>\n\n                <!-- Scrollbar -->\n                <div class=\"swiper-scrollbar-w100\"><\/div>\n\n            <\/div><!-- .swiper-container -->    \n\n\n\n            <!-- Arrows -->\n                <!-- <div class=\"swiper-button-prev\"><\/div>\n                <div class=\"swiper-button-next\"><\/div> -->\n        \n    <\/div><!-- .cc-slider-header-wrapper -->\n<\/div>\n\n\n<div class=\"gs-parallax-v gs-wine-1\"><\/div>\n<\/div><\/div>\n\n\n\n<div class=\"wp-block-group cta-contacto light-cta-block gs-relative\"><div class=\"wp-block-group__inner-container is-layout-flow wp-block-group-is-layout-flow\">\n<h2 class=\"wp-block-heading block-title\">Online shop<\/h2>\n\n\n\n<p class=\"special-p \">\u00bfDo you want to taste Bat Berri?<br>Visit our online store<\/p>\n\n\n\n<div class=\"wp-block-buttons is-layout-flex wp-block-buttons-is-layout-flex\">\n<div class=\"wp-block-button btn btn-border-secondary\"><a class=\"wp-block-button__link wp-element-button\" href=\"https:\/\/artizarenoturismo.com\/en\/product\/batberri\/\" target=\"_blank\" rel=\"noreferrer noopener\">Buy Txakoli<\/a><\/div>\n<\/div>\n\n\n\n<div class=\"gs-parallax-v gs-wine-2\"><\/div>\n<div class=\"gs-parallax-v gs-wine-3\"><\/div>\n<\/div><\/div>\n","protected":false},"excerpt":{"rendered":"<p>Carbonic maceration HONDARRABI ZURI 100% Vineyards: This Txakoli is made with HONDARRABI ZURI from a second-maturity plot, located in Gernika and Mungia. Elaboration: Carbonic maceration with whole bunch during 15 days and spontaneous fermentation with indigenous yeasts in truncated conical stainless steel tank. With it transmits with personality the rustic and wild character of the [&hellip;]<\/p>\n","protected":false},"author":1,"featured_media":0,"parent":9364,"menu_order":0,"comment_status":"closed","ping_status":"closed","template":"","meta":{"_acf_changed":false,"_genesis_hide_title":false,"_genesis_hide_breadcrumbs":false,"_genesis_hide_singular_image":false,"_genesis_hide_footer_widgets":false,"_genesis_custom_body_class":"","_genesis_custom_post_class":"","_genesis_layout":"","footnotes":""},"class_list":{"0":"post-9390","1":"page","2":"type-page","3":"status-publish","5":"entry","6":"has-post-thumbnail"},"acf":[],"yoast_head":"<!-- This site is optimized with the Yoast SEO plugin v26.3 - https:\/\/yoast.com\/wordpress\/plugins\/seo\/ -->\n<title>Bat Berri - Itsasmendi<\/title>\n<meta name=\"robots\" content=\"index, follow, max-snippet:-1, max-image-preview:large, max-video-preview:-1\" \/>\n<link rel=\"canonical\" href=\"https:\/\/bodegasitsasmendi.com\/en\/our-txakoli-wines\/bat-berri\/\" \/>\n<meta property=\"og:locale\" content=\"en_US\" \/>\n<meta property=\"og:type\" content=\"article\" \/>\n<meta property=\"og:title\" content=\"Bat Berri - Itsasmendi\" \/>\n<meta property=\"og:description\" content=\"Carbonic maceration HONDARRABI ZURI 100% Vineyards: This Txakoli is made with HONDARRABI ZURI from a second-maturity plot, located in Gernika and Mungia. Elaboration: Carbonic maceration with whole bunch during 15 days and spontaneous fermentation with indigenous yeasts in truncated conical stainless steel tank. With it transmits with personality the rustic and wild character of the [&hellip;]\" \/>\n<meta property=\"og:url\" content=\"https:\/\/bodegasitsasmendi.com\/en\/our-txakoli-wines\/bat-berri\/\" \/>\n<meta property=\"og:site_name\" content=\"Itsasmendi\" \/>\n<meta property=\"article:publisher\" content=\"https:\/\/www.facebook.com\/profile.php?id=100034329375386\" \/>\n<meta property=\"article:modified_time\" content=\"2026-02-09T09:50:29+00:00\" \/>\n<meta property=\"og:image\" content=\"https:\/\/bodegasitsasmendi.com\/wp-content\/uploads\/montaje-botellas-3-BAT-BERRI-2022.png\" \/>\n\t<meta property=\"og:image:width\" content=\"800\" \/>\n\t<meta property=\"og:image:height\" content=\"800\" \/>\n\t<meta property=\"og:image:type\" content=\"image\/png\" \/>\n<meta name=\"twitter:card\" content=\"summary_large_image\" \/>\n<meta name=\"twitter:site\" content=\"@bitsasmendi\" \/>\n<script type=\"application\/ld+json\" class=\"yoast-schema-graph\">{\"@context\":\"https:\/\/schema.org\",\"@graph\":[{\"@type\":\"WebPage\",\"@id\":\"https:\/\/bodegasitsasmendi.com\/en\/our-txakoli-wines\/bat-berri\/\",\"url\":\"https:\/\/bodegasitsasmendi.com\/en\/our-txakoli-wines\/bat-berri\/\",\"name\":\"Bat Berri - Itsasmendi\",\"isPartOf\":{\"@id\":\"https:\/\/bodegasitsasmendi.com\/en\/#website\"},\"primaryImageOfPage\":{\"@id\":\"https:\/\/bodegasitsasmendi.com\/en\/our-txakoli-wines\/bat-berri\/#primaryimage\"},\"image\":{\"@id\":\"https:\/\/bodegasitsasmendi.com\/en\/our-txakoli-wines\/bat-berri\/#primaryimage\"},\"thumbnailUrl\":\"https:\/\/bodegasitsasmendi.com\/wp-content\/uploads\/montaje-botellas-3-BAT-BERRI-2022.png\",\"datePublished\":\"2022-03-31T11:18:47+00:00\",\"dateModified\":\"2026-02-09T09:50:29+00:00\",\"breadcrumb\":{\"@id\":\"https:\/\/bodegasitsasmendi.com\/en\/our-txakoli-wines\/bat-berri\/#breadcrumb\"},\"inLanguage\":\"en-US\",\"potentialAction\":[{\"@type\":\"ReadAction\",\"target\":[\"https:\/\/bodegasitsasmendi.com\/en\/our-txakoli-wines\/bat-berri\/\"]}]},{\"@type\":\"ImageObject\",\"inLanguage\":\"en-US\",\"@id\":\"https:\/\/bodegasitsasmendi.com\/en\/our-txakoli-wines\/bat-berri\/#primaryimage\",\"url\":\"https:\/\/bodegasitsasmendi.com\/wp-content\/uploads\/montaje-botellas-3-BAT-BERRI-2022.png\",\"contentUrl\":\"https:\/\/bodegasitsasmendi.com\/wp-content\/uploads\/montaje-botellas-3-BAT-BERRI-2022.png\"},{\"@type\":\"BreadcrumbList\",\"@id\":\"https:\/\/bodegasitsasmendi.com\/en\/our-txakoli-wines\/bat-berri\/#breadcrumb\",\"itemListElement\":[{\"@type\":\"ListItem\",\"position\":1,\"name\":\"Portada\",\"item\":\"https:\/\/bodegasitsasmendi.com\/en\/\"},{\"@type\":\"ListItem\",\"position\":2,\"name\":\"Our Txakoli Wines\",\"item\":\"https:\/\/bodegasitsasmendi.com\/en\/our-txakoli-wines\/\"},{\"@type\":\"ListItem\",\"position\":3,\"name\":\"Bat Berri\"}]},{\"@type\":\"WebSite\",\"@id\":\"https:\/\/bodegasitsasmendi.com\/en\/#website\",\"url\":\"https:\/\/bodegasitsasmendi.com\/en\/\",\"name\":\"Artizar Enoturismo\",\"description\":\"Bodega de Txakoli\",\"publisher\":{\"@id\":\"https:\/\/bodegasitsasmendi.com\/en\/#organization\"},\"potentialAction\":[{\"@type\":\"SearchAction\",\"target\":{\"@type\":\"EntryPoint\",\"urlTemplate\":\"https:\/\/bodegasitsasmendi.com\/en\/?s={search_term_string}\"},\"query-input\":{\"@type\":\"PropertyValueSpecification\",\"valueRequired\":true,\"valueName\":\"search_term_string\"}}],\"inLanguage\":\"en-US\"},{\"@type\":\"Organization\",\"@id\":\"https:\/\/bodegasitsasmendi.com\/en\/#organization\",\"name\":\"Itsasmendi\",\"url\":\"https:\/\/bodegasitsasmendi.com\/en\/\",\"logo\":{\"@type\":\"ImageObject\",\"inLanguage\":\"en-US\",\"@id\":\"https:\/\/bodegasitsasmendi.com\/en\/#\/schema\/logo\/image\/\",\"url\":\"https:\/\/bodegasitsasmendi.com\/wp-content\/uploads\/LOGO-ITSASMENDI@2x.png\",\"contentUrl\":\"https:\/\/bodegasitsasmendi.com\/wp-content\/uploads\/LOGO-ITSASMENDI@2x.png\",\"width\":508,\"height\":152,\"caption\":\"Itsasmendi\"},\"image\":{\"@id\":\"https:\/\/bodegasitsasmendi.com\/en\/#\/schema\/logo\/image\/\"},\"sameAs\":[\"https:\/\/www.facebook.com\/profile.php?id=100034329375386\",\"https:\/\/x.com\/bitsasmendi\",\"https:\/\/www.instagram.com\/bodegasitsasmendi\/\"]}]}<\/script>\n<!-- \/ Yoast SEO plugin. -->","yoast_head_json":{"title":"Bat Berri - Itsasmendi","robots":{"index":"index","follow":"follow","max-snippet":"max-snippet:-1","max-image-preview":"max-image-preview:large","max-video-preview":"max-video-preview:-1"},"canonical":"https:\/\/bodegasitsasmendi.com\/en\/our-txakoli-wines\/bat-berri\/","og_locale":"en_US","og_type":"article","og_title":"Bat Berri - Itsasmendi","og_description":"Carbonic maceration HONDARRABI ZURI 100% Vineyards: This Txakoli is made with HONDARRABI ZURI from a second-maturity plot, located in Gernika and Mungia. Elaboration: Carbonic maceration with whole bunch during 15 days and spontaneous fermentation with indigenous yeasts in truncated conical stainless steel tank. With it transmits with personality the rustic and wild character of the [&hellip;]","og_url":"https:\/\/bodegasitsasmendi.com\/en\/our-txakoli-wines\/bat-berri\/","og_site_name":"Itsasmendi","article_publisher":"https:\/\/www.facebook.com\/profile.php?id=100034329375386","article_modified_time":"2026-02-09T09:50:29+00:00","og_image":[{"width":800,"height":800,"url":"https:\/\/bodegasitsasmendi.com\/wp-content\/uploads\/montaje-botellas-3-BAT-BERRI-2022.png","type":"image\/png"}],"twitter_card":"summary_large_image","twitter_site":"@bitsasmendi","schema":{"@context":"https:\/\/schema.org","@graph":[{"@type":"WebPage","@id":"https:\/\/bodegasitsasmendi.com\/en\/our-txakoli-wines\/bat-berri\/","url":"https:\/\/bodegasitsasmendi.com\/en\/our-txakoli-wines\/bat-berri\/","name":"Bat Berri - Itsasmendi","isPartOf":{"@id":"https:\/\/bodegasitsasmendi.com\/en\/#website"},"primaryImageOfPage":{"@id":"https:\/\/bodegasitsasmendi.com\/en\/our-txakoli-wines\/bat-berri\/#primaryimage"},"image":{"@id":"https:\/\/bodegasitsasmendi.com\/en\/our-txakoli-wines\/bat-berri\/#primaryimage"},"thumbnailUrl":"https:\/\/bodegasitsasmendi.com\/wp-content\/uploads\/montaje-botellas-3-BAT-BERRI-2022.png","datePublished":"2022-03-31T11:18:47+00:00","dateModified":"2026-02-09T09:50:29+00:00","breadcrumb":{"@id":"https:\/\/bodegasitsasmendi.com\/en\/our-txakoli-wines\/bat-berri\/#breadcrumb"},"inLanguage":"en-US","potentialAction":[{"@type":"ReadAction","target":["https:\/\/bodegasitsasmendi.com\/en\/our-txakoli-wines\/bat-berri\/"]}]},{"@type":"ImageObject","inLanguage":"en-US","@id":"https:\/\/bodegasitsasmendi.com\/en\/our-txakoli-wines\/bat-berri\/#primaryimage","url":"https:\/\/bodegasitsasmendi.com\/wp-content\/uploads\/montaje-botellas-3-BAT-BERRI-2022.png","contentUrl":"https:\/\/bodegasitsasmendi.com\/wp-content\/uploads\/montaje-botellas-3-BAT-BERRI-2022.png"},{"@type":"BreadcrumbList","@id":"https:\/\/bodegasitsasmendi.com\/en\/our-txakoli-wines\/bat-berri\/#breadcrumb","itemListElement":[{"@type":"ListItem","position":1,"name":"Portada","item":"https:\/\/bodegasitsasmendi.com\/en\/"},{"@type":"ListItem","position":2,"name":"Our Txakoli Wines","item":"https:\/\/bodegasitsasmendi.com\/en\/our-txakoli-wines\/"},{"@type":"ListItem","position":3,"name":"Bat Berri"}]},{"@type":"WebSite","@id":"https:\/\/bodegasitsasmendi.com\/en\/#website","url":"https:\/\/bodegasitsasmendi.com\/en\/","name":"Artizar Enoturismo","description":"Bodega de Txakoli","publisher":{"@id":"https:\/\/bodegasitsasmendi.com\/en\/#organization"},"potentialAction":[{"@type":"SearchAction","target":{"@type":"EntryPoint","urlTemplate":"https:\/\/bodegasitsasmendi.com\/en\/?s={search_term_string}"},"query-input":{"@type":"PropertyValueSpecification","valueRequired":true,"valueName":"search_term_string"}}],"inLanguage":"en-US"},{"@type":"Organization","@id":"https:\/\/bodegasitsasmendi.com\/en\/#organization","name":"Itsasmendi","url":"https:\/\/bodegasitsasmendi.com\/en\/","logo":{"@type":"ImageObject","inLanguage":"en-US","@id":"https:\/\/bodegasitsasmendi.com\/en\/#\/schema\/logo\/image\/","url":"https:\/\/bodegasitsasmendi.com\/wp-content\/uploads\/LOGO-ITSASMENDI@2x.png","contentUrl":"https:\/\/bodegasitsasmendi.com\/wp-content\/uploads\/LOGO-ITSASMENDI@2x.png","width":508,"height":152,"caption":"Itsasmendi"},"image":{"@id":"https:\/\/bodegasitsasmendi.com\/en\/#\/schema\/logo\/image\/"},"sameAs":["https:\/\/www.facebook.com\/profile.php?id=100034329375386","https:\/\/x.com\/bitsasmendi","https:\/\/www.instagram.com\/bodegasitsasmendi\/"]}]}},"featured_image_src":null,"featured_image_src_square":null,"_links":{"self":[{"href":"https:\/\/bodegasitsasmendi.com\/en\/wp-json\/wp\/v2\/pages\/9390","targetHints":{"allow":["GET"]}}],"collection":[{"href":"https:\/\/bodegasitsasmendi.com\/en\/wp-json\/wp\/v2\/pages"}],"about":[{"href":"https:\/\/bodegasitsasmendi.com\/en\/wp-json\/wp\/v2\/types\/page"}],"author":[{"embeddable":true,"href":"https:\/\/bodegasitsasmendi.com\/en\/wp-json\/wp\/v2\/users\/1"}],"replies":[{"embeddable":true,"href":"https:\/\/bodegasitsasmendi.com\/en\/wp-json\/wp\/v2\/comments?post=9390"}],"version-history":[{"count":5,"href":"https:\/\/bodegasitsasmendi.com\/en\/wp-json\/wp\/v2\/pages\/9390\/revisions"}],"predecessor-version":[{"id":11402,"href":"https:\/\/bodegasitsasmendi.com\/en\/wp-json\/wp\/v2\/pages\/9390\/revisions\/11402"}],"up":[{"embeddable":true,"href":"https:\/\/bodegasitsasmendi.com\/en\/wp-json\/wp\/v2\/pages\/9364"}],"wp:attachment":[{"href":"https:\/\/bodegasitsasmendi.com\/en\/wp-json\/wp\/v2\/media?parent=9390"}],"curies":[{"name":"wp","href":"https:\/\/api.w.org\/{rel}","templated":true}]}}