{"id":9392,"date":"2022-03-31T13:18:41","date_gmt":"2022-03-31T11:18:41","guid":{"rendered":"https:\/\/www.bodegasitsasmendi.com\/our-txakoli-wines\/eklipse\/"},"modified":"2026-02-09T10:38:40","modified_gmt":"2026-02-09T09:38:40","slug":"eklipse","status":"publish","type":"page","link":"https:\/\/bodegasitsasmendi.com\/en\/our-txakoli-wines\/eklipse\/","title":{"rendered":"Eklipse"},"content":{"rendered":"\n<div class=\"wp-block-columns are-vertically-aligned-center block-image-text is-layout-flex wp-container-core-columns-is-layout-9d6595d7 wp-block-columns-is-layout-flex\">\n<div class=\"wp-block-column is-vertically-aligned-center block-image-text--image is-layout-flow wp-block-column-is-layout-flow\"><div class=\"wp-block-image\">\n<figure class=\"aligncenter size-full\"><img loading=\"lazy\" decoding=\"async\" width=\"346\" height=\"538\" src=\"https:\/\/bodegasitsasmendi.com\/wp-content\/uploads\/Eklipse-2019-PM_3-Bot-web-pixel.png\" alt=\"Eklipse 2019 \" class=\"wp-image-10384\" srcset=\"https:\/\/bodegasitsasmendi.com\/wp-content\/uploads\/Eklipse-2019-PM_3-Bot-web-pixel.png 346w, https:\/\/bodegasitsasmendi.com\/wp-content\/uploads\/Eklipse-2019-PM_3-Bot-web-pixel-193x300.png 193w\" sizes=\"auto, (max-width: 346px) 100vw, 346px\" \/><\/figure><\/div><\/div>\n\n\n\n<div class=\"wp-block-column is-vertically-aligned-center block-image-text--text is-layout-flow wp-block-column-is-layout-flow\">\n<h2 class=\"wp-block-heading\">From the heart of a holm oak grove, a marriage of Pinot Noir and Hondarrabi Beltza<\/h2>\n\n\n\n<p>Within the framework of an R&amp;D project in collaboration with the Council of Bizkaia and the D.O. Bizkaiko Txakolina called Agricultural and oenological behaviour of the varieties Pinot Noir and Hondarrabi Beltza. Vineyards: Vines more than 20 years old located in Gorliz (1 ha) and Muskiz (0.75 ha), within the area known as the Cantabrian holm oak groves (clay-loam soil with a limestone origin) of the varieties Pinot Noir and Hondarrabi Beltza. Climate: The proximity to the Bay of Biscay provides a microclimate with an average rainfall on the plots of around 931 mm\/year.<\/p>\n\n\n\n<div class=\"wp-block-buttons is-layout-flex wp-block-buttons-is-layout-flex\">\n<div class=\"wp-block-button btn btn-border-secondary is-style-outline is-style-outline--1\"><a class=\"wp-block-button__link wp-element-button\" href=\"https:\/\/artizarenoturismo.com\/en\/product\/eklipse\/\" style=\"border-radius:0px\" target=\"_blank\" rel=\"noreferrer noopener\">BUY TXAKOLI<\/a><\/div>\n<\/div>\n<\/div>\n<\/div>\n\n\n\n<div class=\"wp-block-columns cc-vino-datos is-layout-flex wp-container-core-columns-is-layout-9d6595d7 wp-block-columns-is-layout-flex\">\n<div class=\"wp-block-column is-layout-flow wp-block-column-is-layout-flow\">\n<h3 class=\"wp-block-heading has-text-align-center\">Alcohol<\/h3>\n\n\n\n<p class=\"has-text-align-center\">13,5%<\/p>\n<\/div>\n\n\n\n<div class=\"wp-block-column is-layout-flow wp-block-column-is-layout-flow\">\n<h3 class=\"wp-block-heading has-text-align-center\">Last vintage<\/h3>\n\n\n\n<p class=\"has-text-align-center\">2021<\/p>\n<\/div>\n<\/div>\n\n\n\n<figure class=\"wp-block-image alignfull size-large\"><img loading=\"lazy\" decoding=\"async\" width=\"1024\" height=\"481\" src=\"https:\/\/bodegasitsasmendi.com\/wp-content\/uploads\/BG_Header-eklipse-1024x481.jpg\" alt=\"\" class=\"wp-image-9048\" srcset=\"https:\/\/bodegasitsasmendi.com\/wp-content\/uploads\/BG_Header-eklipse-1024x481.jpg 1024w, https:\/\/bodegasitsasmendi.com\/wp-content\/uploads\/BG_Header-eklipse-300x141.jpg 300w, https:\/\/bodegasitsasmendi.com\/wp-content\/uploads\/BG_Header-eklipse-768x361.jpg 768w, https:\/\/bodegasitsasmendi.com\/wp-content\/uploads\/BG_Header-eklipse.jpg 1440w\" sizes=\"auto, (max-width: 1024px) 100vw, 1024px\" \/><\/figure>\n\n\n\n<p class=\"has-text-align-left special-p special-p-oval\">An Atlantic red wine with a difference<\/p>\n\n\n\n<div class=\"wp-block-group\"><div class=\"wp-block-group__inner-container is-layout-flow wp-block-group-is-layout-flow\"><\/div><\/div>\n\n\n\n<div class=\"wp-block-columns is-layout-flex wp-container-core-columns-is-layout-9d6595d7 wp-block-columns-is-layout-flex\">\n<div class=\"wp-block-column is-layout-flow wp-block-column-is-layout-flow\">\n<h3 class=\"wp-block-heading\">Varieties<\/h3>\n\n\n\n<p>A blend of Pinot Noir (42%), Hondarrabi beltza (48%) and Cabernet Franc (10%). These two Atlantic varieties with marked \u201cterroir\u201d character, elegantly yet frankly encapsulate the geographical characteristics of the two parcels, both located close to the sea.<\/p>\n<\/div>\n\n\n\n<div class=\"wp-block-column is-layout-flow wp-block-column-is-layout-flow\">\n<h3 class=\"wp-block-heading\">Vineyards<\/h3>\n\n\n\n<p>Located in Gorliz (1.1 ha) and Muskiz (0.75 ha) vines over 20 years old, situated within what is known as a Cantabrian holm oak grove. Soils of lime and clay, of limestone origin.<\/p>\n<\/div>\n\n\n\n<div class=\"wp-block-column is-layout-flow wp-block-column-is-layout-flow\">\n<h3 class=\"wp-block-heading\">Winemaking<\/h3>\n\n\n\n<p>Fermented in stainless steel conical tanks and aged for ten months in a 2,000 litre French oak vat, bring structure and complexity to this 13.5% alc Txakoli.<\/p>\n<\/div>\n\n\n\n<div class=\"wp-block-column is-layout-flow wp-block-column-is-layout-flow\">\n<h3 class=\"wp-block-heading\">Tasting note<\/h3>\n\n\n\n<p>In 2021, we spent 37 days harvesting due to low temperatures and slow ripening, resulting in a vintage with a light cherry-red color. It boasts high aromatic intensity, highlighting red fruits like raspberry, herbaceous notes like tea, and even hints of black fruit mingled with tertiary notes of tobacco. On the palate, it has a very fresh entry that continues into a light and aromatic mid-palate with fruity and herbaceous nuances. It possesses silky tannins that lend complexity and a long finish of forest fruit yogurt with hints of cocoa and spices. These nuances make it a delicate yet highly gastronomic wine, perfect for pairing with stews, casseroles, and fish.<\/p>\n<\/div>\n<\/div>\n\n\n\n<figure class=\"wp-block-embed is-type-video is-provider-youtube wp-block-embed-youtube wp-embed-aspect-16-9 wp-has-aspect-ratio\"><div class=\"wp-block-embed__wrapper\">\n<iframe loading=\"lazy\" title=\"Itsasmendi Eklipse\" width=\"500\" height=\"281\" src=\"https:\/\/www.youtube.com\/embed\/RLU4oOGSE9I?feature=oembed\" frameborder=\"0\" allow=\"accelerometer; autoplay; clipboard-write; encrypted-media; gyroscope; picture-in-picture; web-share\" referrerpolicy=\"strict-origin-when-cross-origin\" allowfullscreen><\/iframe>\n<\/div><\/figure>\n\n\n\n<div class=\"wp-block-group gs-relative\"><div class=\"wp-block-group__inner-container is-layout-flow wp-block-group-is-layout-flow\">\n<h2 class=\"wp-block-heading block-title in-page\">What they say about our txakoli<\/h2>\n\n\n\n<div id=\"one-col-slider-block_c1b162bd60d7e3898b858520a2ec6e80\" class=\"cc-one-col-slider\">\n\n    <div class=\"cc-one-col-slider-wrapper\">\n\n    \n            <!-- Slider main container -->\n            <div class=\"swiper-container swiper-container-header\">\n                \n                <!-- Additional required wrapper -->\n                <div class=\"swiper-wrapper\">\n                    <!-- Slides -->\n            \n                                            <div class=\"swiper-slide\">\n                            <div class=\"slide-wrap\">\n\n\n                                \n                                <p class=\"slider-title\">James Suckling 2025 &#8211; 90 points<\/p>                                 \n                                \n                                <p>Eklipse 2020<\/p>\n                                \n                               \n                            <\/div>\n                        <\/div><!-- .swiper-slide -->\n                        \n\n                                            <div class=\"swiper-slide\">\n                            <div class=\"slide-wrap\">\n\n\n                                \n                                <p class=\"slider-title\">James Suckling 2023 &#8211; 91 points<\/p>                                 \n                                \n                                <p><strong>Eklipse 2018<\/strong><\/p>\n<p>&#8220;Delicious, fruity with a succulent finish.&#8221;<\/p>\n                                \n                               \n                            <\/div>\n                        <\/div><!-- .swiper-slide -->\n                        \n\n                                            <div class=\"swiper-slide\">\n                            <div class=\"slide-wrap\">\n\n\n                                \n                                <p class=\"slider-title\">Gu\u00eda Pe\u00f1\u00edn 2021 &#8211; 90 points<\/p>                                 \n                                \n                                <p><strong>Eklipse 2017 &#8211; Eklipse 2016 Mg<\/strong><\/p>\n<p>Eklipse 2017 &#8211; 89 points<\/p>\n<p>Eklipse 2016 Mg &#8211; 90 points<\/p>\n                                \n                               \n                            <\/div>\n                        <\/div><!-- .swiper-slide -->\n                        \n\n                                            <div class=\"swiper-slide\">\n                            <div class=\"slide-wrap\">\n\n\n                                \n                                <p class=\"slider-title\">\u201cEklipse 2011, otro vimo sorprenderte en una Bodega que hace vinos de aupa, peculiar y muy interesante.\u201d<\/p>                                 \n                                \n                                <p><strong>Eklipse 2011<\/strong><br \/>\nGPS, Julio de 2013<\/p>\n                                \n                               \n                            <\/div>\n                        <\/div><!-- .swiper-slide -->\n                        \n\n                                            <div class=\"swiper-slide\">\n                            <div class=\"slide-wrap\">\n\n\n                                \n                                <p class=\"slider-title\">\u201cProyecto de I+D para la revitalizaci\u00f3n de tintos en Vizcaya, nace como su etiqueta vanguardista. Toques terrosos con frutillos silvestres y una original punta vegetal.\u201d<\/p>                                 \n                                \n                                <p><strong>Eklipse<\/strong><br \/>\nMivino-Vinum<\/p>\n                                \n                               \n                            <\/div>\n                        <\/div><!-- .swiper-slide -->\n                        \n\n                                    \n                <\/div><!-- .swiper-wrapper -->\n\n                <!-- Arrows navigation -->                    \n                <div class=\"one-col-swiper-button-prev arrows-navigation\"><\/div>\n                <div class=\"one-col-swiper-button-next arrows-navigation\"><\/div>\n\n                <!-- Scrollbar -->\n                <div class=\"swiper-scrollbar-w100\"><\/div>\n\n            <\/div><!-- .swiper-container -->    \n\n\n\n            <!-- Arrows -->\n                <!-- <div class=\"swiper-button-prev\"><\/div>\n                <div class=\"swiper-button-next\"><\/div> -->\n        \n    <\/div><!-- .cc-slider-header-wrapper -->\n<\/div>\n\n\n<div class=\"gs-parallax-v gs-wine-1\"><\/div>\n<\/div><\/div>\n\n\n\n<div class=\"wp-block-columns is-layout-flex wp-container-core-columns-is-layout-9d6595d7 wp-block-columns-is-layout-flex\">\n<div class=\"wp-block-column is-layout-flow wp-block-column-is-layout-flow\">\n<figure class=\"wp-block-image alignfull size-full\"><img loading=\"lazy\" decoding=\"async\" width=\"400\" height=\"533\" src=\"https:\/\/bodegasitsasmendi.com\/wp-content\/uploads\/Composicion-Eklipse-2019_2-edited.jpg\" alt=\"\" class=\"wp-image-10413\" srcset=\"https:\/\/bodegasitsasmendi.com\/wp-content\/uploads\/Composicion-Eklipse-2019_2-edited.jpg 400w, https:\/\/bodegasitsasmendi.com\/wp-content\/uploads\/Composicion-Eklipse-2019_2-edited-225x300.jpg 225w\" sizes=\"auto, (max-width: 400px) 100vw, 400px\" \/><\/figure>\n<\/div>\n\n\n\n<div class=\"wp-block-column is-layout-flow wp-block-column-is-layout-flow\">\n<h2 class=\"wp-block-heading block-title in-page no-margin\">Awards<\/h2>\n\n\n\n<div id=\"awards-list-block-block_d37465c9b8a96ce4a53c08f864eed1b6\" class=\"cc-awards-list-block\">\n\n\n    \n        <ul class=\"awards-list\">\n\n                            <li class=\"awards-item\">\n                    <span class=\"awards-wine\">Itsasmendi Eklipse 2011<\/span>\n                    <span class=\"awards-title\">Dos Estrellas Prowein 2013<\/span>\n                                            <img decoding=\"async\" src=\"https:\/\/bodegasitsasmendi.com\/wp-content\/uploads\/Prowein-estrella.png\" alt=\"Dos Estrellas Prowein 2013\">\n                                    <\/li>\n\n            \n        <\/ul>\n\n    <\/div><\/div>\n<\/div>\n\n\n\n<div class=\"wp-block-group cta-contacto light-cta-block gs-relative\"><div class=\"wp-block-group__inner-container is-layout-flow wp-block-group-is-layout-flow\">\n<h2 class=\"wp-block-heading block-title\">Online shop<\/h2>\n\n\n\n<p class=\"special-p \">\u00bfDo you want to taste Eklipse?<br>Visit our online store<\/p>\n\n\n\n<div class=\"wp-block-buttons is-layout-flex wp-block-buttons-is-layout-flex\">\n<div class=\"wp-block-button btn btn-border-secondary\"><a class=\"wp-block-button__link wp-element-button\" href=\"https:\/\/artizarenoturismo.com\/en\/product\/eklipse\/\" target=\"_blank\" rel=\"noreferrer noopener\">Buy Txakoli<\/a><\/div>\n<\/div>\n\n\n\n<div class=\"gs-parallax-v gs-wine-2\"><\/div>\n<div class=\"gs-parallax-v gs-wine-3\"><\/div>\n<\/div><\/div>\n","protected":false},"excerpt":{"rendered":"<p>From the heart of a holm oak grove, a marriage of Pinot Noir and Hondarrabi Beltza Within the framework of an R&amp;D project in collaboration with the Council of Bizkaia and the D.O. Bizkaiko Txakolina called Agricultural and oenological behaviour of the varieties Pinot Noir and Hondarrabi Beltza. Vineyards: Vines more than 20 years old [&hellip;]<\/p>\n","protected":false},"author":1,"featured_media":0,"parent":9364,"menu_order":0,"comment_status":"closed","ping_status":"closed","template":"","meta":{"_acf_changed":false,"_genesis_hide_title":false,"_genesis_hide_breadcrumbs":false,"_genesis_hide_singular_image":false,"_genesis_hide_footer_widgets":false,"_genesis_custom_body_class":"","_genesis_custom_post_class":"","_genesis_layout":"","footnotes":""},"class_list":{"0":"post-9392","1":"page","2":"type-page","3":"status-publish","5":"entry","6":"has-post-thumbnail"},"acf":[],"yoast_head":"<!-- This site is optimized with the Yoast SEO plugin v27.5 - https:\/\/yoast.com\/product\/yoast-seo-wordpress\/ -->\n<title>Eklipse - Itsasmendi<\/title>\n<meta name=\"robots\" content=\"index, follow, max-snippet:-1, max-image-preview:large, max-video-preview:-1\" \/>\n<link rel=\"canonical\" href=\"https:\/\/bodegasitsasmendi.com\/en\/our-txakoli-wines\/eklipse\/\" \/>\n<meta property=\"og:locale\" content=\"en_US\" \/>\n<meta property=\"og:type\" content=\"article\" \/>\n<meta property=\"og:title\" content=\"Eklipse - Itsasmendi\" \/>\n<meta property=\"og:description\" content=\"From the heart of a holm oak grove, a marriage of Pinot Noir and Hondarrabi Beltza Within the framework of an R&amp;D project in collaboration with the Council of Bizkaia and the D.O. Bizkaiko Txakolina called Agricultural and oenological behaviour of the varieties Pinot Noir and Hondarrabi Beltza. Vineyards: Vines more than 20 years old [&hellip;]\" \/>\n<meta property=\"og:url\" content=\"https:\/\/bodegasitsasmendi.com\/en\/our-txakoli-wines\/eklipse\/\" \/>\n<meta property=\"og:site_name\" content=\"Itsasmendi\" \/>\n<meta property=\"article:publisher\" content=\"https:\/\/www.facebook.com\/profile.php?id=100034329375386\" \/>\n<meta property=\"article:modified_time\" content=\"2026-02-09T09:38:40+00:00\" \/>\n<meta property=\"og:image\" content=\"https:\/\/bodegasitsasmendi.com\/wp-content\/uploads\/Eklipse-2019-PM_3-Bot-web-pixel.png\" \/>\n\t<meta property=\"og:image:width\" content=\"346\" \/>\n\t<meta property=\"og:image:height\" content=\"538\" \/>\n\t<meta property=\"og:image:type\" content=\"image\/png\" \/>\n<meta name=\"twitter:card\" content=\"summary_large_image\" \/>\n<meta name=\"twitter:site\" content=\"@bitsasmendi\" \/>\n<meta name=\"twitter:label1\" content=\"Est. reading time\" \/>\n\t<meta name=\"twitter:data1\" content=\"2 minutes\" \/>\n<script type=\"application\/ld+json\" class=\"yoast-schema-graph\">{\"@context\":\"https:\\\/\\\/schema.org\",\"@graph\":[{\"@type\":\"WebPage\",\"@id\":\"https:\\\/\\\/bodegasitsasmendi.com\\\/en\\\/our-txakoli-wines\\\/eklipse\\\/\",\"url\":\"https:\\\/\\\/bodegasitsasmendi.com\\\/en\\\/our-txakoli-wines\\\/eklipse\\\/\",\"name\":\"Eklipse - Itsasmendi\",\"isPartOf\":{\"@id\":\"https:\\\/\\\/bodegasitsasmendi.com\\\/en\\\/#website\"},\"primaryImageOfPage\":{\"@id\":\"https:\\\/\\\/bodegasitsasmendi.com\\\/en\\\/our-txakoli-wines\\\/eklipse\\\/#primaryimage\"},\"image\":{\"@id\":\"https:\\\/\\\/bodegasitsasmendi.com\\\/en\\\/our-txakoli-wines\\\/eklipse\\\/#primaryimage\"},\"thumbnailUrl\":\"https:\\\/\\\/bodegasitsasmendi.com\\\/wp-content\\\/uploads\\\/Eklipse-2019-PM_3-Bot-web-pixel.png\",\"datePublished\":\"2022-03-31T11:18:41+00:00\",\"dateModified\":\"2026-02-09T09:38:40+00:00\",\"breadcrumb\":{\"@id\":\"https:\\\/\\\/bodegasitsasmendi.com\\\/en\\\/our-txakoli-wines\\\/eklipse\\\/#breadcrumb\"},\"inLanguage\":\"en-US\",\"potentialAction\":[{\"@type\":\"ReadAction\",\"target\":[\"https:\\\/\\\/bodegasitsasmendi.com\\\/en\\\/our-txakoli-wines\\\/eklipse\\\/\"]}]},{\"@type\":\"ImageObject\",\"inLanguage\":\"en-US\",\"@id\":\"https:\\\/\\\/bodegasitsasmendi.com\\\/en\\\/our-txakoli-wines\\\/eklipse\\\/#primaryimage\",\"url\":\"https:\\\/\\\/bodegasitsasmendi.com\\\/wp-content\\\/uploads\\\/Eklipse-2019-PM_3-Bot-web-pixel.png\",\"contentUrl\":\"https:\\\/\\\/bodegasitsasmendi.com\\\/wp-content\\\/uploads\\\/Eklipse-2019-PM_3-Bot-web-pixel.png\"},{\"@type\":\"BreadcrumbList\",\"@id\":\"https:\\\/\\\/bodegasitsasmendi.com\\\/en\\\/our-txakoli-wines\\\/eklipse\\\/#breadcrumb\",\"itemListElement\":[{\"@type\":\"ListItem\",\"position\":1,\"name\":\"Portada\",\"item\":\"https:\\\/\\\/bodegasitsasmendi.com\\\/en\\\/\"},{\"@type\":\"ListItem\",\"position\":2,\"name\":\"Our Txakoli Wines\",\"item\":\"https:\\\/\\\/bodegasitsasmendi.com\\\/en\\\/our-txakoli-wines\\\/\"},{\"@type\":\"ListItem\",\"position\":3,\"name\":\"Eklipse\"}]},{\"@type\":\"WebSite\",\"@id\":\"https:\\\/\\\/bodegasitsasmendi.com\\\/en\\\/#website\",\"url\":\"https:\\\/\\\/bodegasitsasmendi.com\\\/en\\\/\",\"name\":\"Artizar Enoturismo\",\"description\":\"Bodega de Txakoli\",\"publisher\":{\"@id\":\"https:\\\/\\\/bodegasitsasmendi.com\\\/en\\\/#organization\"},\"potentialAction\":[{\"@type\":\"SearchAction\",\"target\":{\"@type\":\"EntryPoint\",\"urlTemplate\":\"https:\\\/\\\/bodegasitsasmendi.com\\\/en\\\/?s={search_term_string}\"},\"query-input\":{\"@type\":\"PropertyValueSpecification\",\"valueRequired\":true,\"valueName\":\"search_term_string\"}}],\"inLanguage\":\"en-US\"},{\"@type\":\"Organization\",\"@id\":\"https:\\\/\\\/bodegasitsasmendi.com\\\/en\\\/#organization\",\"name\":\"Itsasmendi\",\"url\":\"https:\\\/\\\/bodegasitsasmendi.com\\\/en\\\/\",\"logo\":{\"@type\":\"ImageObject\",\"inLanguage\":\"en-US\",\"@id\":\"https:\\\/\\\/bodegasitsasmendi.com\\\/en\\\/#\\\/schema\\\/logo\\\/image\\\/\",\"url\":\"https:\\\/\\\/bodegasitsasmendi.com\\\/wp-content\\\/uploads\\\/LOGO-ITSASMENDI@2x.png\",\"contentUrl\":\"https:\\\/\\\/bodegasitsasmendi.com\\\/wp-content\\\/uploads\\\/LOGO-ITSASMENDI@2x.png\",\"width\":508,\"height\":152,\"caption\":\"Itsasmendi\"},\"image\":{\"@id\":\"https:\\\/\\\/bodegasitsasmendi.com\\\/en\\\/#\\\/schema\\\/logo\\\/image\\\/\"},\"sameAs\":[\"https:\\\/\\\/www.facebook.com\\\/profile.php?id=100034329375386\",\"https:\\\/\\\/x.com\\\/bitsasmendi\",\"https:\\\/\\\/www.instagram.com\\\/bodegasitsasmendi\\\/\"]}]}<\/script>\n<!-- \/ Yoast SEO plugin. -->","yoast_head_json":{"title":"Eklipse - Itsasmendi","robots":{"index":"index","follow":"follow","max-snippet":"max-snippet:-1","max-image-preview":"max-image-preview:large","max-video-preview":"max-video-preview:-1"},"canonical":"https:\/\/bodegasitsasmendi.com\/en\/our-txakoli-wines\/eklipse\/","og_locale":"en_US","og_type":"article","og_title":"Eklipse - Itsasmendi","og_description":"From the heart of a holm oak grove, a marriage of Pinot Noir and Hondarrabi Beltza Within the framework of an R&amp;D project in collaboration with the Council of Bizkaia and the D.O. Bizkaiko Txakolina called Agricultural and oenological behaviour of the varieties Pinot Noir and Hondarrabi Beltza. Vineyards: Vines more than 20 years old [&hellip;]","og_url":"https:\/\/bodegasitsasmendi.com\/en\/our-txakoli-wines\/eklipse\/","og_site_name":"Itsasmendi","article_publisher":"https:\/\/www.facebook.com\/profile.php?id=100034329375386","article_modified_time":"2026-02-09T09:38:40+00:00","og_image":[{"width":346,"height":538,"url":"https:\/\/bodegasitsasmendi.com\/wp-content\/uploads\/Eklipse-2019-PM_3-Bot-web-pixel.png","type":"image\/png"}],"twitter_card":"summary_large_image","twitter_site":"@bitsasmendi","twitter_misc":{"Est. reading time":"2 minutes"},"schema":{"@context":"https:\/\/schema.org","@graph":[{"@type":"WebPage","@id":"https:\/\/bodegasitsasmendi.com\/en\/our-txakoli-wines\/eklipse\/","url":"https:\/\/bodegasitsasmendi.com\/en\/our-txakoli-wines\/eklipse\/","name":"Eklipse - Itsasmendi","isPartOf":{"@id":"https:\/\/bodegasitsasmendi.com\/en\/#website"},"primaryImageOfPage":{"@id":"https:\/\/bodegasitsasmendi.com\/en\/our-txakoli-wines\/eklipse\/#primaryimage"},"image":{"@id":"https:\/\/bodegasitsasmendi.com\/en\/our-txakoli-wines\/eklipse\/#primaryimage"},"thumbnailUrl":"https:\/\/bodegasitsasmendi.com\/wp-content\/uploads\/Eklipse-2019-PM_3-Bot-web-pixel.png","datePublished":"2022-03-31T11:18:41+00:00","dateModified":"2026-02-09T09:38:40+00:00","breadcrumb":{"@id":"https:\/\/bodegasitsasmendi.com\/en\/our-txakoli-wines\/eklipse\/#breadcrumb"},"inLanguage":"en-US","potentialAction":[{"@type":"ReadAction","target":["https:\/\/bodegasitsasmendi.com\/en\/our-txakoli-wines\/eklipse\/"]}]},{"@type":"ImageObject","inLanguage":"en-US","@id":"https:\/\/bodegasitsasmendi.com\/en\/our-txakoli-wines\/eklipse\/#primaryimage","url":"https:\/\/bodegasitsasmendi.com\/wp-content\/uploads\/Eklipse-2019-PM_3-Bot-web-pixel.png","contentUrl":"https:\/\/bodegasitsasmendi.com\/wp-content\/uploads\/Eklipse-2019-PM_3-Bot-web-pixel.png"},{"@type":"BreadcrumbList","@id":"https:\/\/bodegasitsasmendi.com\/en\/our-txakoli-wines\/eklipse\/#breadcrumb","itemListElement":[{"@type":"ListItem","position":1,"name":"Portada","item":"https:\/\/bodegasitsasmendi.com\/en\/"},{"@type":"ListItem","position":2,"name":"Our Txakoli Wines","item":"https:\/\/bodegasitsasmendi.com\/en\/our-txakoli-wines\/"},{"@type":"ListItem","position":3,"name":"Eklipse"}]},{"@type":"WebSite","@id":"https:\/\/bodegasitsasmendi.com\/en\/#website","url":"https:\/\/bodegasitsasmendi.com\/en\/","name":"Artizar Enoturismo","description":"Bodega de Txakoli","publisher":{"@id":"https:\/\/bodegasitsasmendi.com\/en\/#organization"},"potentialAction":[{"@type":"SearchAction","target":{"@type":"EntryPoint","urlTemplate":"https:\/\/bodegasitsasmendi.com\/en\/?s={search_term_string}"},"query-input":{"@type":"PropertyValueSpecification","valueRequired":true,"valueName":"search_term_string"}}],"inLanguage":"en-US"},{"@type":"Organization","@id":"https:\/\/bodegasitsasmendi.com\/en\/#organization","name":"Itsasmendi","url":"https:\/\/bodegasitsasmendi.com\/en\/","logo":{"@type":"ImageObject","inLanguage":"en-US","@id":"https:\/\/bodegasitsasmendi.com\/en\/#\/schema\/logo\/image\/","url":"https:\/\/bodegasitsasmendi.com\/wp-content\/uploads\/LOGO-ITSASMENDI@2x.png","contentUrl":"https:\/\/bodegasitsasmendi.com\/wp-content\/uploads\/LOGO-ITSASMENDI@2x.png","width":508,"height":152,"caption":"Itsasmendi"},"image":{"@id":"https:\/\/bodegasitsasmendi.com\/en\/#\/schema\/logo\/image\/"},"sameAs":["https:\/\/www.facebook.com\/profile.php?id=100034329375386","https:\/\/x.com\/bitsasmendi","https:\/\/www.instagram.com\/bodegasitsasmendi\/"]}]}},"featured_image_src":null,"featured_image_src_square":null,"_links":{"self":[{"href":"https:\/\/bodegasitsasmendi.com\/en\/wp-json\/wp\/v2\/pages\/9392","targetHints":{"allow":["GET"]}}],"collection":[{"href":"https:\/\/bodegasitsasmendi.com\/en\/wp-json\/wp\/v2\/pages"}],"about":[{"href":"https:\/\/bodegasitsasmendi.com\/en\/wp-json\/wp\/v2\/types\/page"}],"author":[{"embeddable":true,"href":"https:\/\/bodegasitsasmendi.com\/en\/wp-json\/wp\/v2\/users\/1"}],"replies":[{"embeddable":true,"href":"https:\/\/bodegasitsasmendi.com\/en\/wp-json\/wp\/v2\/comments?post=9392"}],"version-history":[{"count":7,"href":"https:\/\/bodegasitsasmendi.com\/en\/wp-json\/wp\/v2\/pages\/9392\/revisions"}],"predecessor-version":[{"id":11393,"href":"https:\/\/bodegasitsasmendi.com\/en\/wp-json\/wp\/v2\/pages\/9392\/revisions\/11393"}],"up":[{"embeddable":true,"href":"https:\/\/bodegasitsasmendi.com\/en\/wp-json\/wp\/v2\/pages\/9364"}],"wp:attachment":[{"href":"https:\/\/bodegasitsasmendi.com\/en\/wp-json\/wp\/v2\/media?parent=9392"}],"curies":[{"name":"wp","href":"https:\/\/api.w.org\/{rel}","templated":true}]}}