{"id":9480,"date":"2022-03-31T13:18:34","date_gmt":"2022-03-31T11:18:34","guid":{"rendered":"https:\/\/www.bodegasitsasmendi.com\/our-txakoli-wines\/urezti\/"},"modified":"2025-05-19T08:48:24","modified_gmt":"2025-05-19T06:48:24","slug":"urezti","status":"publish","type":"page","link":"https:\/\/bodegasitsasmendi.com\/en\/our-txakoli-wines\/urezti\/","title":{"rendered":"Urezti"},"content":{"rendered":"\n<div class=\"wp-block-columns are-vertically-aligned-center block-image-text is-layout-flex wp-container-core-columns-is-layout-9d6595d7 wp-block-columns-is-layout-flex\">\n<div class=\"wp-block-column is-vertically-aligned-center block-image-text--image is-layout-flow wp-block-column-is-layout-flow\"><div class=\"wp-block-image\">\n<figure class=\"aligncenter size-full\"><img loading=\"lazy\" decoding=\"async\" width=\"3000\" height=\"5000\" src=\"https:\/\/bodegasitsasmendi.com\/wp-content\/uploads\/Urezti-2020-composicion-de-3.png\" alt=\"Urezti 2020\" class=\"wp-image-11128\" srcset=\"https:\/\/bodegasitsasmendi.com\/wp-content\/uploads\/Urezti-2020-composicion-de-3.png 3000w, https:\/\/bodegasitsasmendi.com\/wp-content\/uploads\/Urezti-2020-composicion-de-3-180x300.png 180w, https:\/\/bodegasitsasmendi.com\/wp-content\/uploads\/Urezti-2020-composicion-de-3-614x1024.png 614w, https:\/\/bodegasitsasmendi.com\/wp-content\/uploads\/Urezti-2020-composicion-de-3-768x1280.png 768w, https:\/\/bodegasitsasmendi.com\/wp-content\/uploads\/Urezti-2020-composicion-de-3-922x1536.png 922w, https:\/\/bodegasitsasmendi.com\/wp-content\/uploads\/Urezti-2020-composicion-de-3-1229x2048.png 1229w\" sizes=\"auto, (max-width: 3000px) 100vw, 3000px\" \/><\/figure><\/div><\/div>\n\n\n\n<div class=\"wp-block-column is-vertically-aligned-center block-image-text--text is-layout-flow wp-block-column-is-layout-flow\">\n<h2 class=\"wp-block-heading\">The Surprise, the sweet flavour of Biscay<\/h2>\n\n\n\n<p>Itsasmendi Urezti has been included in the Ark of Taste of&nbsp;<strong>Slow Food Bizkaia<\/strong>, as during the first 4 years it was not covered by the D.O. Bizkaiko txakolina, as an artisan product of verified excellence, manufactured on a small scale. <\/p>\n\n\n\n<p>Highlighting the intrinsic value of the products offered by the land. In the same style as its sister wines produced along the Atlantic Arc to which we belong, such as the well-known Sauternes, Barsac and Jurancon.&nbsp;Whereas the rest of the wines show the importance of each plot, this wine is a product that perfectly reflects our autumn, south wind, cool nights and many years of low rainfalls.<\/p>\n\n\n\n<p>&nbsp;The grapes are over-ripened on the vines themselves and harvested throughout November. In production since 2001. A bright golden yellow, the bouquet highlights its complexity, combining the aromas of the overripe grape, orange peel, pear, wax, honey with spiced notes from its brief spell in the barrel. Its time in the bottle has given it a palate that is sweet, long, dense, unctuous and lasting, with a good balance between residual sugars and acidity.<\/p>\n\n\n\n<div class=\"wp-block-buttons is-layout-flex wp-block-buttons-is-layout-flex\">\n<div class=\"wp-block-button btn btn-border-secondary is-style-outline is-style-outline--1\"><a class=\"wp-block-button__link wp-element-button\" href=\"https:\/\/artizarenoturismo.com\/en\/product\/urrezti\/\" style=\"border-radius:0px\" target=\"_blank\" rel=\"noreferrer noopener\">BUY TXAKOLI<\/a><\/div>\n<\/div>\n<\/div>\n<\/div>\n\n\n\n<div class=\"wp-block-columns cc-vino-datos is-layout-flex wp-container-core-columns-is-layout-9d6595d7 wp-block-columns-is-layout-flex\">\n<div class=\"wp-block-column is-layout-flow wp-block-column-is-layout-flow\">\n<h3 class=\"wp-block-heading has-text-align-center\">Alcohol<\/h3>\n\n\n\n<p class=\"has-text-align-center\">12%<\/p>\n<\/div>\n\n\n\n<div class=\"wp-block-column is-layout-flow wp-block-column-is-layout-flow\">\n<h3 class=\"wp-block-heading has-text-align-center\">Last vintage<\/h3>\n\n\n\n<p class=\"has-text-align-center\">2020<\/p>\n<\/div>\n<\/div>\n\n\n\n<figure class=\"wp-block-image alignfull size-large\"><img loading=\"lazy\" decoding=\"async\" width=\"1024\" height=\"479\" src=\"https:\/\/bodegasitsasmendi.com\/wp-content\/uploads\/BG_Header-urezti-1024x479.jpg\" alt=\"\" class=\"wp-image-9063\" srcset=\"https:\/\/bodegasitsasmendi.com\/wp-content\/uploads\/BG_Header-urezti-1024x479.jpg 1024w, https:\/\/bodegasitsasmendi.com\/wp-content\/uploads\/BG_Header-urezti-300x140.jpg 300w, https:\/\/bodegasitsasmendi.com\/wp-content\/uploads\/BG_Header-urezti-768x359.jpg 768w, https:\/\/bodegasitsasmendi.com\/wp-content\/uploads\/BG_Header-urezti.jpg 1440w\" sizes=\"auto, (max-width: 1024px) 100vw, 1024px\" \/><\/figure>\n\n\n\n<p class=\"has-text-align-left special-p special-p-oval\">A Late Harvest from the North with a perfect balance between acidity and sweetness<\/p>\n\n\n\n<div class=\"wp-block-group\"><div class=\"wp-block-group__inner-container is-layout-flow wp-block-group-is-layout-flow\"><\/div><\/div>\n\n\n\n<div class=\"wp-block-columns is-layout-flex wp-container-core-columns-is-layout-9d6595d7 wp-block-columns-is-layout-flex\">\n<div class=\"wp-block-column is-layout-flow wp-block-column-is-layout-flow\">\n<h3 class=\"wp-block-heading\">Viticulture<\/h3>\n\n\n\n<p>Varieties: Hondarrabi zuri zerratie and a small percentage of Izkiriot handi.<\/p>\n\n\n\n<p>The extended ripening of the grapes on the vine results in a natural raisining. Harvested on the 26th of November.<\/p>\n<\/div>\n\n\n\n<div class=\"wp-block-column is-layout-flow wp-block-column-is-layout-flow\">\n<h3 class=\"wp-block-heading\">Winemaking<\/h3>\n\n\n\n<p>The first Late Harvest under the DO \u201cBizkaiko Txakolina\u201d the inaugural vintage in 2001. <\/p>\n\n\n\n<p>A brief stint through French oak barrels of 3 months and another month plus aging in foudre.<\/p>\n\n\n\n<p><\/p>\n<\/div>\n\n\n\n<div class=\"wp-block-column is-layout-flow wp-block-column-is-layout-flow\">\n<h3 class=\"wp-block-heading\">Tasting note<\/h3>\n\n\n\n<p>Golden yellow with greenish hues that reveal<br>youth. Very aromatic and intense nose, highlighting citrus notes such as mandarin peel with tropical fruit.<br>It has a background of fennel and dried fruits from its aging in new French oak barrels, which gives it complexity and structure.<br>On the palate, the acidity and sweetness are perfectly balanced with notes of candied peach and orange, leaving a long finish with hints of dates and dried fruits such as bitter almonds.<\/p>\n<\/div>\n<\/div>\n\n\n\n<figure class=\"wp-block-embed is-type-video is-provider-youtube wp-block-embed-youtube wp-embed-aspect-16-9 wp-has-aspect-ratio\"><div class=\"wp-block-embed__wrapper\">\n<iframe loading=\"lazy\" title=\"Itsasmendi Urezti\" width=\"500\" height=\"281\" src=\"https:\/\/www.youtube.com\/embed\/olTIMjUTmB8?feature=oembed\" frameborder=\"0\" allow=\"accelerometer; autoplay; clipboard-write; encrypted-media; gyroscope; picture-in-picture; web-share\" referrerpolicy=\"strict-origin-when-cross-origin\" allowfullscreen><\/iframe>\n<\/div><\/figure>\n\n\n\n<div class=\"wp-block-group gs-relative\"><div class=\"wp-block-group__inner-container is-layout-flow wp-block-group-is-layout-flow\">\n<h2 class=\"wp-block-heading block-title in-page\">What they say about our txakoli<\/h2>\n\n\n\n<div id=\"one-col-slider-block_5b4583211d1f40ac64cad43aac2d928b\" class=\"cc-one-col-slider\">\n\n    <div class=\"cc-one-col-slider-wrapper\">\n\n    \n            <!-- Slider main container -->\n            <div class=\"swiper-container swiper-container-header\">\n                \n                <!-- Additional required wrapper -->\n                <div class=\"swiper-wrapper\">\n                    <!-- Slides -->\n            \n                                            <div class=\"swiper-slide\">\n                            <div class=\"slide-wrap\">\n\n\n                                \n                                <p class=\"slider-title\">&#8220;Urezti 2016, 2018 y 2019 con 92 puntos.&#8221;<\/p>                                 \n                                \n                                <p><strong>Urezti 2019<\/strong><br \/>\nGu\u00eda Pe\u00f1\u00edn<\/p>\n                                \n                               \n                            <\/div>\n                        <\/div><!-- .swiper-slide -->\n                        \n\n                                            <div class=\"swiper-slide\">\n                            <div class=\"slide-wrap\">\n\n\n                                \n                                <p class=\"slider-title\">\u201cUrezti 2009 93 puntos. Un excelente vendimia tard\u00eda.\u201d<\/p>                                 \n                                \n                                <p><strong>Urezti 2009<\/strong><br \/>\nGu\u00eda Pe\u00f1\u00edn<\/p>\n                                \n                               \n                            <\/div>\n                        <\/div><!-- .swiper-slide -->\n                        \n\n                                            <div class=\"swiper-slide\">\n                            <div class=\"slide-wrap\">\n\n\n                                \n                                <p class=\"slider-title\">\u201cUrezti 2010. Un vino para compararse con los Mo-barzillacy, Jutancon y coquetear con los grandes Ausleses\u201d<\/p>                                 \n                                \n                                <p><strong>Urezti 2010<\/strong><br \/>\nSelecci\u00f3n Josep Roca<\/p>\n                                \n                               \n                            <\/div>\n                        <\/div><!-- .swiper-slide -->\n                        \n\n                                            <div class=\"swiper-slide\">\n                            <div class=\"slide-wrap\">\n\n\n                                \n                                <p class=\"slider-title\">\u201cUrezti 2008 viste la boca de frescura y seda y consigue desnudar el alma.\u201d<\/p>                                 \n                                \n                                <p><strong>Urezti 2008<\/strong><br \/>\nLos 100 mejores vinos<\/p>\n                                \n                               \n                            <\/div>\n                        <\/div><!-- .swiper-slide -->\n                        \n\n                                    \n                <\/div><!-- .swiper-wrapper -->\n\n                <!-- Arrows navigation -->                    \n                <div class=\"one-col-swiper-button-prev arrows-navigation\"><\/div>\n                <div class=\"one-col-swiper-button-next arrows-navigation\"><\/div>\n\n                <!-- Scrollbar -->\n                <div class=\"swiper-scrollbar-w100\"><\/div>\n\n            <\/div><!-- .swiper-container -->    \n\n\n\n            <!-- Arrows -->\n                <!-- <div class=\"swiper-button-prev\"><\/div>\n                <div class=\"swiper-button-next\"><\/div> -->\n        \n    <\/div><!-- .cc-slider-header-wrapper -->\n<\/div>\n\n\n<div class=\"gs-parallax-v gs-wine-1\"><\/div>\n<\/div><\/div>\n\n\n\n<div class=\"wp-block-columns is-layout-flex wp-container-core-columns-is-layout-9d6595d7 wp-block-columns-is-layout-flex\">\n<div class=\"wp-block-column is-layout-flow wp-block-column-is-layout-flow\">\n<figure class=\"wp-block-image alignfull size-large\"><img loading=\"lazy\" decoding=\"async\" width=\"683\" height=\"1024\" src=\"https:\/\/bodegasitsasmendi.com\/wp-content\/uploads\/composicion-Urezti-2020-red-683x1024.jpg\" alt=\"composicion Urezti 2020\" class=\"wp-image-11132\" srcset=\"https:\/\/bodegasitsasmendi.com\/wp-content\/uploads\/composicion-Urezti-2020-red-683x1024.jpg 683w, https:\/\/bodegasitsasmendi.com\/wp-content\/uploads\/composicion-Urezti-2020-red-200x300.jpg 200w, https:\/\/bodegasitsasmendi.com\/wp-content\/uploads\/composicion-Urezti-2020-red-768x1152.jpg 768w, https:\/\/bodegasitsasmendi.com\/wp-content\/uploads\/composicion-Urezti-2020-red.jpg 800w\" sizes=\"auto, (max-width: 683px) 100vw, 683px\" \/><\/figure>\n<\/div>\n\n\n\n<div class=\"wp-block-column is-layout-flow wp-block-column-is-layout-flow\">\n<h2 class=\"wp-block-heading block-title in-page no-margin\">Awards<\/h2>\n\n\n\n<div id=\"awards-list-block-block_a87bf1f4ff108f0e5f9176c806f06b34\" class=\"cc-awards-list-block\">\n\n\n    \n        <ul class=\"awards-list\">\n\n                            <li class=\"awards-item\">\n                    <span class=\"awards-wine\">Itsasmendi Urezti 2014<\/span>\n                    <span class=\"awards-title\">Bacchus Plata 2017<\/span>\n                                            <img decoding=\"async\" src=\"https:\/\/bodegasitsasmendi.com\/wp-content\/uploads\/bacchus-plata.png\" alt=\"Bacchus Plata 2017\">\n                                    <\/li>\n\n                            <li class=\"awards-item\">\n                    <span class=\"awards-wine\">Itsasmendi Urezti 2012<\/span>\n                    <span class=\"awards-title\">Bacchus Oro 2016<\/span>\n                                            <img decoding=\"async\" src=\"https:\/\/bodegasitsasmendi.com\/wp-content\/uploads\/bacchus-oro.png\" alt=\"Bacchus Oro 2016\">\n                                    <\/li>\n\n                            <li class=\"awards-item\">\n                    <span class=\"awards-wine\">Itsasmendi Urezti 2009<\/span>\n                    <span class=\"awards-title\">Gold Medal Decanter 2013<\/span>\n                                            <img decoding=\"async\" src=\"https:\/\/bodegasitsasmendi.com\/wp-content\/uploads\/decanter-oro-2013.png\" alt=\"Gold Medal Decanter 2013\">\n                                    <\/li>\n\n                            <li class=\"awards-item\">\n                    <span class=\"awards-wine\">Itsasmendi Urezti 2008<\/span>\n                    <span class=\"awards-title\">Gran Bacchus Oro 2012<\/span>\n                                            <img decoding=\"async\" src=\"https:\/\/bodegasitsasmendi.com\/wp-content\/uploads\/bacchus-gran-oro-2012.png\" alt=\"Gran Bacchus Oro 2012\">\n                                    <\/li>\n\n                            <li class=\"awards-item\">\n                    <span class=\"awards-wine\">Itsasmendi Urezti 2006<\/span>\n                    <span class=\"awards-title\">Bacchus Plata 2010<\/span>\n                                            <img decoding=\"async\" src=\"https:\/\/bodegasitsasmendi.com\/wp-content\/uploads\/bacchus-plata.png\" alt=\"Bacchus Plata 2010\">\n                                    <\/li>\n\n            \n        <\/ul>\n\n    <\/div><\/div>\n<\/div>\n\n\n\n<div class=\"wp-block-group cta-contacto light-cta-block gs-relative\"><div class=\"wp-block-group__inner-container is-layout-flow wp-block-group-is-layout-flow\">\n<h2 class=\"wp-block-heading block-title\">Online shop<\/h2>\n\n\n\n<p class=\"special-p \">\u00bfDo you want to taste Urezti?<br>Visit our online store<\/p>\n\n\n\n<div class=\"wp-block-buttons is-layout-flex wp-block-buttons-is-layout-flex\">\n<div class=\"wp-block-button btn btn-border-secondary\"><a class=\"wp-block-button__link wp-element-button\" href=\"https:\/\/artizarenoturismo.com\/en\/product\/urrezti\/\" target=\"_blank\" rel=\"noreferrer noopener\">Buy Txakoli<\/a><\/div>\n<\/div>\n\n\n\n<div class=\"gs-parallax-v gs-wine-2\"><\/div>\n<div class=\"gs-parallax-v gs-wine-3\"><\/div>\n<\/div><\/div>\n","protected":false},"excerpt":{"rendered":"<p>The Surprise, the sweet flavour of Biscay Itsasmendi Urezti has been included in the Ark of Taste of&nbsp;Slow Food Bizkaia, as during the first 4 years it was not covered by the D.O. Bizkaiko txakolina, as an artisan product of verified excellence, manufactured on a small scale. Highlighting the intrinsic value of the products offered [&hellip;]<\/p>\n","protected":false},"author":1,"featured_media":0,"parent":9364,"menu_order":0,"comment_status":"closed","ping_status":"closed","template":"","meta":{"_acf_changed":false,"_genesis_hide_title":false,"_genesis_hide_breadcrumbs":false,"_genesis_hide_singular_image":false,"_genesis_hide_footer_widgets":false,"_genesis_custom_body_class":"","_genesis_custom_post_class":"","_genesis_layout":"","footnotes":""},"class_list":{"0":"post-9480","1":"page","2":"type-page","3":"status-publish","5":"entry","6":"has-post-thumbnail"},"acf":[],"yoast_head":"<!-- This site is optimized with the Yoast SEO plugin v26.3 - https:\/\/yoast.com\/wordpress\/plugins\/seo\/ -->\n<title>Urezti - Itsasmendi<\/title>\n<meta name=\"robots\" content=\"index, follow, max-snippet:-1, max-image-preview:large, max-video-preview:-1\" \/>\n<link rel=\"canonical\" href=\"https:\/\/bodegasitsasmendi.com\/en\/our-txakoli-wines\/urezti\/\" \/>\n<meta property=\"og:locale\" content=\"en_US\" \/>\n<meta property=\"og:type\" content=\"article\" \/>\n<meta property=\"og:title\" content=\"Urezti - Itsasmendi\" \/>\n<meta property=\"og:description\" content=\"The Surprise, the sweet flavour of Biscay Itsasmendi Urezti has been included in the Ark of Taste of&nbsp;Slow Food Bizkaia, as during the first 4 years it was not covered by the D.O. Bizkaiko txakolina, as an artisan product of verified excellence, manufactured on a small scale. Highlighting the intrinsic value of the products offered [&hellip;]\" \/>\n<meta property=\"og:url\" content=\"https:\/\/bodegasitsasmendi.com\/en\/our-txakoli-wines\/urezti\/\" \/>\n<meta property=\"og:site_name\" content=\"Itsasmendi\" \/>\n<meta property=\"article:publisher\" content=\"https:\/\/www.facebook.com\/profile.php?id=100034329375386\" \/>\n<meta property=\"article:modified_time\" content=\"2025-05-19T06:48:24+00:00\" \/>\n<meta property=\"og:image\" content=\"https:\/\/bodegasitsasmendi.com\/wp-content\/uploads\/Urezti-2020-composicion-de-3-614x1024.png\" \/>\n\t<meta property=\"og:image:width\" content=\"614\" \/>\n\t<meta property=\"og:image:height\" content=\"1024\" \/>\n\t<meta property=\"og:image:type\" content=\"image\/png\" \/>\n<meta name=\"twitter:card\" content=\"summary_large_image\" \/>\n<meta name=\"twitter:site\" content=\"@bitsasmendi\" \/>\n<meta name=\"twitter:label1\" content=\"Est. reading time\" \/>\n\t<meta name=\"twitter:data1\" content=\"2 minutes\" \/>\n<script type=\"application\/ld+json\" class=\"yoast-schema-graph\">{\"@context\":\"https:\/\/schema.org\",\"@graph\":[{\"@type\":\"WebPage\",\"@id\":\"https:\/\/bodegasitsasmendi.com\/en\/our-txakoli-wines\/urezti\/\",\"url\":\"https:\/\/bodegasitsasmendi.com\/en\/our-txakoli-wines\/urezti\/\",\"name\":\"Urezti - Itsasmendi\",\"isPartOf\":{\"@id\":\"https:\/\/bodegasitsasmendi.com\/en\/#website\"},\"primaryImageOfPage\":{\"@id\":\"https:\/\/bodegasitsasmendi.com\/en\/our-txakoli-wines\/urezti\/#primaryimage\"},\"image\":{\"@id\":\"https:\/\/bodegasitsasmendi.com\/en\/our-txakoli-wines\/urezti\/#primaryimage\"},\"thumbnailUrl\":\"https:\/\/bodegasitsasmendi.com\/wp-content\/uploads\/Urezti-2020-composicion-de-3.png\",\"datePublished\":\"2022-03-31T11:18:34+00:00\",\"dateModified\":\"2025-05-19T06:48:24+00:00\",\"breadcrumb\":{\"@id\":\"https:\/\/bodegasitsasmendi.com\/en\/our-txakoli-wines\/urezti\/#breadcrumb\"},\"inLanguage\":\"en-US\",\"potentialAction\":[{\"@type\":\"ReadAction\",\"target\":[\"https:\/\/bodegasitsasmendi.com\/en\/our-txakoli-wines\/urezti\/\"]}]},{\"@type\":\"ImageObject\",\"inLanguage\":\"en-US\",\"@id\":\"https:\/\/bodegasitsasmendi.com\/en\/our-txakoli-wines\/urezti\/#primaryimage\",\"url\":\"https:\/\/bodegasitsasmendi.com\/wp-content\/uploads\/Urezti-2020-composicion-de-3.png\",\"contentUrl\":\"https:\/\/bodegasitsasmendi.com\/wp-content\/uploads\/Urezti-2020-composicion-de-3.png\"},{\"@type\":\"BreadcrumbList\",\"@id\":\"https:\/\/bodegasitsasmendi.com\/en\/our-txakoli-wines\/urezti\/#breadcrumb\",\"itemListElement\":[{\"@type\":\"ListItem\",\"position\":1,\"name\":\"Portada\",\"item\":\"https:\/\/bodegasitsasmendi.com\/en\/\"},{\"@type\":\"ListItem\",\"position\":2,\"name\":\"Our Txakoli Wines\",\"item\":\"https:\/\/bodegasitsasmendi.com\/en\/our-txakoli-wines\/\"},{\"@type\":\"ListItem\",\"position\":3,\"name\":\"Urezti\"}]},{\"@type\":\"WebSite\",\"@id\":\"https:\/\/bodegasitsasmendi.com\/en\/#website\",\"url\":\"https:\/\/bodegasitsasmendi.com\/en\/\",\"name\":\"Artizar Enoturismo\",\"description\":\"Bodega de Txakoli\",\"publisher\":{\"@id\":\"https:\/\/bodegasitsasmendi.com\/en\/#organization\"},\"potentialAction\":[{\"@type\":\"SearchAction\",\"target\":{\"@type\":\"EntryPoint\",\"urlTemplate\":\"https:\/\/bodegasitsasmendi.com\/en\/?s={search_term_string}\"},\"query-input\":{\"@type\":\"PropertyValueSpecification\",\"valueRequired\":true,\"valueName\":\"search_term_string\"}}],\"inLanguage\":\"en-US\"},{\"@type\":\"Organization\",\"@id\":\"https:\/\/bodegasitsasmendi.com\/en\/#organization\",\"name\":\"Itsasmendi\",\"url\":\"https:\/\/bodegasitsasmendi.com\/en\/\",\"logo\":{\"@type\":\"ImageObject\",\"inLanguage\":\"en-US\",\"@id\":\"https:\/\/bodegasitsasmendi.com\/en\/#\/schema\/logo\/image\/\",\"url\":\"https:\/\/bodegasitsasmendi.com\/wp-content\/uploads\/LOGO-ITSASMENDI@2x.png\",\"contentUrl\":\"https:\/\/bodegasitsasmendi.com\/wp-content\/uploads\/LOGO-ITSASMENDI@2x.png\",\"width\":508,\"height\":152,\"caption\":\"Itsasmendi\"},\"image\":{\"@id\":\"https:\/\/bodegasitsasmendi.com\/en\/#\/schema\/logo\/image\/\"},\"sameAs\":[\"https:\/\/www.facebook.com\/profile.php?id=100034329375386\",\"https:\/\/x.com\/bitsasmendi\",\"https:\/\/www.instagram.com\/bodegasitsasmendi\/\"]}]}<\/script>\n<!-- \/ Yoast SEO plugin. -->","yoast_head_json":{"title":"Urezti - Itsasmendi","robots":{"index":"index","follow":"follow","max-snippet":"max-snippet:-1","max-image-preview":"max-image-preview:large","max-video-preview":"max-video-preview:-1"},"canonical":"https:\/\/bodegasitsasmendi.com\/en\/our-txakoli-wines\/urezti\/","og_locale":"en_US","og_type":"article","og_title":"Urezti - Itsasmendi","og_description":"The Surprise, the sweet flavour of Biscay Itsasmendi Urezti has been included in the Ark of Taste of&nbsp;Slow Food Bizkaia, as during the first 4 years it was not covered by the D.O. Bizkaiko txakolina, as an artisan product of verified excellence, manufactured on a small scale. Highlighting the intrinsic value of the products offered [&hellip;]","og_url":"https:\/\/bodegasitsasmendi.com\/en\/our-txakoli-wines\/urezti\/","og_site_name":"Itsasmendi","article_publisher":"https:\/\/www.facebook.com\/profile.php?id=100034329375386","article_modified_time":"2025-05-19T06:48:24+00:00","og_image":[{"width":614,"height":1024,"url":"https:\/\/bodegasitsasmendi.com\/wp-content\/uploads\/Urezti-2020-composicion-de-3-614x1024.png","type":"image\/png"}],"twitter_card":"summary_large_image","twitter_site":"@bitsasmendi","twitter_misc":{"Est. reading time":"2 minutes"},"schema":{"@context":"https:\/\/schema.org","@graph":[{"@type":"WebPage","@id":"https:\/\/bodegasitsasmendi.com\/en\/our-txakoli-wines\/urezti\/","url":"https:\/\/bodegasitsasmendi.com\/en\/our-txakoli-wines\/urezti\/","name":"Urezti - Itsasmendi","isPartOf":{"@id":"https:\/\/bodegasitsasmendi.com\/en\/#website"},"primaryImageOfPage":{"@id":"https:\/\/bodegasitsasmendi.com\/en\/our-txakoli-wines\/urezti\/#primaryimage"},"image":{"@id":"https:\/\/bodegasitsasmendi.com\/en\/our-txakoli-wines\/urezti\/#primaryimage"},"thumbnailUrl":"https:\/\/bodegasitsasmendi.com\/wp-content\/uploads\/Urezti-2020-composicion-de-3.png","datePublished":"2022-03-31T11:18:34+00:00","dateModified":"2025-05-19T06:48:24+00:00","breadcrumb":{"@id":"https:\/\/bodegasitsasmendi.com\/en\/our-txakoli-wines\/urezti\/#breadcrumb"},"inLanguage":"en-US","potentialAction":[{"@type":"ReadAction","target":["https:\/\/bodegasitsasmendi.com\/en\/our-txakoli-wines\/urezti\/"]}]},{"@type":"ImageObject","inLanguage":"en-US","@id":"https:\/\/bodegasitsasmendi.com\/en\/our-txakoli-wines\/urezti\/#primaryimage","url":"https:\/\/bodegasitsasmendi.com\/wp-content\/uploads\/Urezti-2020-composicion-de-3.png","contentUrl":"https:\/\/bodegasitsasmendi.com\/wp-content\/uploads\/Urezti-2020-composicion-de-3.png"},{"@type":"BreadcrumbList","@id":"https:\/\/bodegasitsasmendi.com\/en\/our-txakoli-wines\/urezti\/#breadcrumb","itemListElement":[{"@type":"ListItem","position":1,"name":"Portada","item":"https:\/\/bodegasitsasmendi.com\/en\/"},{"@type":"ListItem","position":2,"name":"Our Txakoli Wines","item":"https:\/\/bodegasitsasmendi.com\/en\/our-txakoli-wines\/"},{"@type":"ListItem","position":3,"name":"Urezti"}]},{"@type":"WebSite","@id":"https:\/\/bodegasitsasmendi.com\/en\/#website","url":"https:\/\/bodegasitsasmendi.com\/en\/","name":"Artizar Enoturismo","description":"Bodega de Txakoli","publisher":{"@id":"https:\/\/bodegasitsasmendi.com\/en\/#organization"},"potentialAction":[{"@type":"SearchAction","target":{"@type":"EntryPoint","urlTemplate":"https:\/\/bodegasitsasmendi.com\/en\/?s={search_term_string}"},"query-input":{"@type":"PropertyValueSpecification","valueRequired":true,"valueName":"search_term_string"}}],"inLanguage":"en-US"},{"@type":"Organization","@id":"https:\/\/bodegasitsasmendi.com\/en\/#organization","name":"Itsasmendi","url":"https:\/\/bodegasitsasmendi.com\/en\/","logo":{"@type":"ImageObject","inLanguage":"en-US","@id":"https:\/\/bodegasitsasmendi.com\/en\/#\/schema\/logo\/image\/","url":"https:\/\/bodegasitsasmendi.com\/wp-content\/uploads\/LOGO-ITSASMENDI@2x.png","contentUrl":"https:\/\/bodegasitsasmendi.com\/wp-content\/uploads\/LOGO-ITSASMENDI@2x.png","width":508,"height":152,"caption":"Itsasmendi"},"image":{"@id":"https:\/\/bodegasitsasmendi.com\/en\/#\/schema\/logo\/image\/"},"sameAs":["https:\/\/www.facebook.com\/profile.php?id=100034329375386","https:\/\/x.com\/bitsasmendi","https:\/\/www.instagram.com\/bodegasitsasmendi\/"]}]}},"featured_image_src":null,"featured_image_src_square":null,"_links":{"self":[{"href":"https:\/\/bodegasitsasmendi.com\/en\/wp-json\/wp\/v2\/pages\/9480","targetHints":{"allow":["GET"]}}],"collection":[{"href":"https:\/\/bodegasitsasmendi.com\/en\/wp-json\/wp\/v2\/pages"}],"about":[{"href":"https:\/\/bodegasitsasmendi.com\/en\/wp-json\/wp\/v2\/types\/page"}],"author":[{"embeddable":true,"href":"https:\/\/bodegasitsasmendi.com\/en\/wp-json\/wp\/v2\/users\/1"}],"replies":[{"embeddable":true,"href":"https:\/\/bodegasitsasmendi.com\/en\/wp-json\/wp\/v2\/comments?post=9480"}],"version-history":[{"count":14,"href":"https:\/\/bodegasitsasmendi.com\/en\/wp-json\/wp\/v2\/pages\/9480\/revisions"}],"predecessor-version":[{"id":11142,"href":"https:\/\/bodegasitsasmendi.com\/en\/wp-json\/wp\/v2\/pages\/9480\/revisions\/11142"}],"up":[{"embeddable":true,"href":"https:\/\/bodegasitsasmendi.com\/en\/wp-json\/wp\/v2\/pages\/9364"}],"wp:attachment":[{"href":"https:\/\/bodegasitsasmendi.com\/en\/wp-json\/wp\/v2\/media?parent=9480"}],"curies":[{"name":"wp","href":"https:\/\/api.w.org\/{rel}","templated":true}]}}