{"id":3466,"date":"2020-12-22T13:11:09","date_gmt":"2020-12-22T12:11:09","guid":{"rendered":"https:\/\/www.bodegasitsasmendi.com\/politica-de-cookies\/"},"modified":"2021-05-17T15:41:45","modified_gmt":"2021-05-17T13:41:45","slug":"cookien-politika","status":"publish","type":"page","link":"https:\/\/bodegasitsasmendi.com\/eu\/cookien-politika\/","title":{"rendered":"Cookien politika"},"content":{"rendered":"\n<p>Artizar ha desarrollado esta pol\u00edtica para informarte de qu\u00e9 es una cookie. Con tu primera visita a nuestra web est\u00e1s siendo informado de la existencia de cookies y de la presente pol\u00edtica de cookies. En futuras visitas puedes consultar nuestra pol\u00edtica en cualquier momento en la parte inferior de la web \u201cPol\u00edtica de Cookies\u201d. Con tu registro en la web y\/o la mera navegaci\u00f3n&nbsp;est\u00e1s consintiendo la instalaci\u00f3n de las cookies (salvo que hayas modificado la configuraci\u00f3n de tu navegador para rechazar cookies).<\/p>\n\n\n\n<h2 class=\"wp-block-heading\">\u00bfQu\u00e9 es una cookie?<\/h2>\n\n\n\n<p>Una \u201cCookie\u201d es un peque\u00f1o archivo de texto que un sitio web almacena en el&nbsp; navegador del usuario. Las cookies facilitan el uso y la navegaci\u00f3n por una p\u00e1gina web y son esenciales para el funcionamiento de internet, aportando innumerables ventajas en la prestaci\u00f3n de servicios interactivos. Las cookies se utilizan por ejemplo para gestionar la sesi\u00f3n del usuario (reduciendo el n\u00famero de veces que tiene que incluir su contrase\u00f1a) o para adecuar los contenidos de una p\u00e1gina web a sus preferencias. Las cookies pueden ser de \u201csesi\u00f3n\u201d, por lo que se borrar\u00e1n una vez el usuario abandone la p\u00e1gina web que las gener\u00f3 o \u201cpersistentes\u201d, que permanecen en su ordenador hasta una fecha determinada. Este documento de \u201cUso de Cookies\u201d ha sido elaborado a partir de un auditado t\u00e9cnico externo estando, por tanto, sujeto a actualizaciones peri\u00f3dicas. Su prop\u00f3sito es ayudarle a comprender el uso que la presente p\u00e1gina web hace de las cookies, la finalidad de las cookies utilizadas, as\u00ed como de las opciones que el usuario tiene a su disposici\u00f3n para gestionarlas. El uso de esta web con la funcionalidad del navegador habilitada para aceptar cookies, implica la aceptaci\u00f3n por parte del usuario de la tecnolog\u00eda cookie utilizada por dicha web.<\/p>\n\n\n\n<h2 class=\"wp-block-heading\">Tipos de cookies<\/h2>\n\n\n\n<p>Estos son los tipos de cookies que usamos en nuestra web.<\/p>\n\n\n\n<h3 class=\"wp-block-heading\">Cookies de uso interno<\/h3>\n\n\n\n<p>Esta web utiliza&nbsp;<em>cookies de uso interno<\/em>&nbsp;imprescindibles para el funcionamiento de la web, como por ejemplo aquellas que permiten la autentificaci\u00f3n o el mantenimiento de la sesi\u00f3n del usuario registrado cuando navega por la p\u00e1gina. La desactivaci\u00f3n de estas cookies impide el funcionamiento correcto de algunas de las funcionalidades de la web.<\/p>\n\n\n\n<h3 class=\"wp-block-heading\">Cookies Anal\u00edticas<\/h3>\n\n\n\n<p>Esta web utiliza&nbsp;<em>cookies anal\u00edticas&nbsp;<\/em>para recabar estad\u00edsticas sobre la actividad del usuario en la web y la actividad general de la misma. La informaci\u00f3n recopilada es an\u00f3nima y permite optimizar la navegaci\u00f3n por nuestra p\u00e1gina web y garantizar el mejor servicio al usuario. El usuario puede excluir su actividad mediante los sistemas de exclusi\u00f3n facilitados por su navegador.<\/p>\n","protected":false},"excerpt":{"rendered":"<p>Artizar ha desarrollado esta pol\u00edtica para informarte de qu\u00e9 es una cookie. Con tu primera visita a nuestra web est\u00e1s siendo informado de la existencia de cookies y de la presente pol\u00edtica de cookies. En futuras visitas puedes consultar nuestra pol\u00edtica en cualquier momento en la parte inferior de la web \u201cPol\u00edtica de Cookies\u201d. Con [&hellip;]<\/p>\n","protected":false},"author":1,"featured_media":0,"parent":0,"menu_order":0,"comment_status":"closed","ping_status":"closed","template":"","meta":{"_acf_changed":false,"_genesis_hide_title":false,"_genesis_hide_breadcrumbs":false,"_genesis_hide_singular_image":false,"_genesis_hide_footer_widgets":false,"_genesis_custom_body_class":"legal-page","_genesis_custom_post_class":"","_genesis_layout":"","footnotes":""},"class_list":{"0":"post-3466","1":"page","2":"type-page","3":"status-publish","5":"entry"},"acf":[],"yoast_head":"<!-- This site is optimized with the Yoast SEO plugin v26.3 - https:\/\/yoast.com\/wordpress\/plugins\/seo\/ -->\n<title>Cookien politika - Itsasmendi<\/title>\n<meta name=\"robots\" content=\"index, follow, max-snippet:-1, max-image-preview:large, max-video-preview:-1\" \/>\n<link rel=\"canonical\" href=\"https:\/\/bodegasitsasmendi.com\/eu\/cookien-politika\/\" \/>\n<meta property=\"og:locale\" content=\"en_US\" \/>\n<meta property=\"og:type\" content=\"article\" \/>\n<meta property=\"og:title\" content=\"Cookien politika - Itsasmendi\" \/>\n<meta property=\"og:description\" content=\"Artizar ha desarrollado esta pol\u00edtica para informarte de qu\u00e9 es una cookie. Con tu primera visita a nuestra web est\u00e1s siendo informado de la existencia de cookies y de la presente pol\u00edtica de cookies. En futuras visitas puedes consultar nuestra pol\u00edtica en cualquier momento en la parte inferior de la web \u201cPol\u00edtica de Cookies\u201d. Con [&hellip;]\" \/>\n<meta property=\"og:url\" content=\"https:\/\/bodegasitsasmendi.com\/eu\/cookien-politika\/\" \/>\n<meta property=\"og:site_name\" content=\"Itsasmendi\" \/>\n<meta property=\"article:publisher\" content=\"https:\/\/www.facebook.com\/profile.php?id=100034329375386\" \/>\n<meta property=\"article:modified_time\" content=\"2021-05-17T13:41:45+00:00\" \/>\n<meta name=\"twitter:card\" content=\"summary_large_image\" \/>\n<meta name=\"twitter:site\" content=\"@bitsasmendi\" \/>\n<meta name=\"twitter:label1\" content=\"Est. reading time\" \/>\n\t<meta name=\"twitter:data1\" content=\"2 minutua\" \/>\n<script type=\"application\/ld+json\" class=\"yoast-schema-graph\">{\"@context\":\"https:\/\/schema.org\",\"@graph\":[{\"@type\":\"WebPage\",\"@id\":\"https:\/\/bodegasitsasmendi.com\/eu\/cookien-politika\/\",\"url\":\"https:\/\/bodegasitsasmendi.com\/eu\/cookien-politika\/\",\"name\":\"Cookien politika - Itsasmendi\",\"isPartOf\":{\"@id\":\"https:\/\/bodegasitsasmendi.com\/eu\/#website\"},\"datePublished\":\"2020-12-22T12:11:09+00:00\",\"dateModified\":\"2021-05-17T13:41:45+00:00\",\"breadcrumb\":{\"@id\":\"https:\/\/bodegasitsasmendi.com\/eu\/cookien-politika\/#breadcrumb\"},\"inLanguage\":\"eu\",\"potentialAction\":[{\"@type\":\"ReadAction\",\"target\":[\"https:\/\/bodegasitsasmendi.com\/eu\/cookien-politika\/\"]}]},{\"@type\":\"BreadcrumbList\",\"@id\":\"https:\/\/bodegasitsasmendi.com\/eu\/cookien-politika\/#breadcrumb\",\"itemListElement\":[{\"@type\":\"ListItem\",\"position\":1,\"name\":\"Portada\",\"item\":\"https:\/\/bodegasitsasmendi.com\/eu\/\"},{\"@type\":\"ListItem\",\"position\":2,\"name\":\"Cookien politika\"}]},{\"@type\":\"WebSite\",\"@id\":\"https:\/\/bodegasitsasmendi.com\/eu\/#website\",\"url\":\"https:\/\/bodegasitsasmendi.com\/eu\/\",\"name\":\"Artizar Enoturismo\",\"description\":\"Bodega de Txakoli\",\"publisher\":{\"@id\":\"https:\/\/bodegasitsasmendi.com\/eu\/#organization\"},\"potentialAction\":[{\"@type\":\"SearchAction\",\"target\":{\"@type\":\"EntryPoint\",\"urlTemplate\":\"https:\/\/bodegasitsasmendi.com\/eu\/?s={search_term_string}\"},\"query-input\":{\"@type\":\"PropertyValueSpecification\",\"valueRequired\":true,\"valueName\":\"search_term_string\"}}],\"inLanguage\":\"eu\"},{\"@type\":\"Organization\",\"@id\":\"https:\/\/bodegasitsasmendi.com\/eu\/#organization\",\"name\":\"Itsasmendi\",\"url\":\"https:\/\/bodegasitsasmendi.com\/eu\/\",\"logo\":{\"@type\":\"ImageObject\",\"inLanguage\":\"eu\",\"@id\":\"https:\/\/bodegasitsasmendi.com\/eu\/#\/schema\/logo\/image\/\",\"url\":\"https:\/\/bodegasitsasmendi.com\/wp-content\/uploads\/LOGO-ITSASMENDI@2x.png\",\"contentUrl\":\"https:\/\/bodegasitsasmendi.com\/wp-content\/uploads\/LOGO-ITSASMENDI@2x.png\",\"width\":508,\"height\":152,\"caption\":\"Itsasmendi\"},\"image\":{\"@id\":\"https:\/\/bodegasitsasmendi.com\/eu\/#\/schema\/logo\/image\/\"},\"sameAs\":[\"https:\/\/www.facebook.com\/profile.php?id=100034329375386\",\"https:\/\/x.com\/bitsasmendi\",\"https:\/\/www.instagram.com\/bodegasitsasmendi\/\"]}]}<\/script>\n<!-- \/ Yoast SEO plugin. -->","yoast_head_json":{"title":"Cookien politika - Itsasmendi","robots":{"index":"index","follow":"follow","max-snippet":"max-snippet:-1","max-image-preview":"max-image-preview:large","max-video-preview":"max-video-preview:-1"},"canonical":"https:\/\/bodegasitsasmendi.com\/eu\/cookien-politika\/","og_locale":"en_US","og_type":"article","og_title":"Cookien politika - Itsasmendi","og_description":"Artizar ha desarrollado esta pol\u00edtica para informarte de qu\u00e9 es una cookie. Con tu primera visita a nuestra web est\u00e1s siendo informado de la existencia de cookies y de la presente pol\u00edtica de cookies. En futuras visitas puedes consultar nuestra pol\u00edtica en cualquier momento en la parte inferior de la web \u201cPol\u00edtica de Cookies\u201d. Con [&hellip;]","og_url":"https:\/\/bodegasitsasmendi.com\/eu\/cookien-politika\/","og_site_name":"Itsasmendi","article_publisher":"https:\/\/www.facebook.com\/profile.php?id=100034329375386","article_modified_time":"2021-05-17T13:41:45+00:00","twitter_card":"summary_large_image","twitter_site":"@bitsasmendi","twitter_misc":{"Est. reading time":"2 minutua"},"schema":{"@context":"https:\/\/schema.org","@graph":[{"@type":"WebPage","@id":"https:\/\/bodegasitsasmendi.com\/eu\/cookien-politika\/","url":"https:\/\/bodegasitsasmendi.com\/eu\/cookien-politika\/","name":"Cookien politika - Itsasmendi","isPartOf":{"@id":"https:\/\/bodegasitsasmendi.com\/eu\/#website"},"datePublished":"2020-12-22T12:11:09+00:00","dateModified":"2021-05-17T13:41:45+00:00","breadcrumb":{"@id":"https:\/\/bodegasitsasmendi.com\/eu\/cookien-politika\/#breadcrumb"},"inLanguage":"eu","potentialAction":[{"@type":"ReadAction","target":["https:\/\/bodegasitsasmendi.com\/eu\/cookien-politika\/"]}]},{"@type":"BreadcrumbList","@id":"https:\/\/bodegasitsasmendi.com\/eu\/cookien-politika\/#breadcrumb","itemListElement":[{"@type":"ListItem","position":1,"name":"Portada","item":"https:\/\/bodegasitsasmendi.com\/eu\/"},{"@type":"ListItem","position":2,"name":"Cookien politika"}]},{"@type":"WebSite","@id":"https:\/\/bodegasitsasmendi.com\/eu\/#website","url":"https:\/\/bodegasitsasmendi.com\/eu\/","name":"Artizar Enoturismo","description":"Bodega de Txakoli","publisher":{"@id":"https:\/\/bodegasitsasmendi.com\/eu\/#organization"},"potentialAction":[{"@type":"SearchAction","target":{"@type":"EntryPoint","urlTemplate":"https:\/\/bodegasitsasmendi.com\/eu\/?s={search_term_string}"},"query-input":{"@type":"PropertyValueSpecification","valueRequired":true,"valueName":"search_term_string"}}],"inLanguage":"eu"},{"@type":"Organization","@id":"https:\/\/bodegasitsasmendi.com\/eu\/#organization","name":"Itsasmendi","url":"https:\/\/bodegasitsasmendi.com\/eu\/","logo":{"@type":"ImageObject","inLanguage":"eu","@id":"https:\/\/bodegasitsasmendi.com\/eu\/#\/schema\/logo\/image\/","url":"https:\/\/bodegasitsasmendi.com\/wp-content\/uploads\/LOGO-ITSASMENDI@2x.png","contentUrl":"https:\/\/bodegasitsasmendi.com\/wp-content\/uploads\/LOGO-ITSASMENDI@2x.png","width":508,"height":152,"caption":"Itsasmendi"},"image":{"@id":"https:\/\/bodegasitsasmendi.com\/eu\/#\/schema\/logo\/image\/"},"sameAs":["https:\/\/www.facebook.com\/profile.php?id=100034329375386","https:\/\/x.com\/bitsasmendi","https:\/\/www.instagram.com\/bodegasitsasmendi\/"]}]}},"featured_image_src":null,"featured_image_src_square":null,"_links":{"self":[{"href":"https:\/\/bodegasitsasmendi.com\/eu\/wp-json\/wp\/v2\/pages\/3466","targetHints":{"allow":["GET"]}}],"collection":[{"href":"https:\/\/bodegasitsasmendi.com\/eu\/wp-json\/wp\/v2\/pages"}],"about":[{"href":"https:\/\/bodegasitsasmendi.com\/eu\/wp-json\/wp\/v2\/types\/page"}],"author":[{"embeddable":true,"href":"https:\/\/bodegasitsasmendi.com\/eu\/wp-json\/wp\/v2\/users\/1"}],"replies":[{"embeddable":true,"href":"https:\/\/bodegasitsasmendi.com\/eu\/wp-json\/wp\/v2\/comments?post=3466"}],"version-history":[{"count":2,"href":"https:\/\/bodegasitsasmendi.com\/eu\/wp-json\/wp\/v2\/pages\/3466\/revisions"}],"predecessor-version":[{"id":3481,"href":"https:\/\/bodegasitsasmendi.com\/eu\/wp-json\/wp\/v2\/pages\/3466\/revisions\/3481"}],"wp:attachment":[{"href":"https:\/\/bodegasitsasmendi.com\/eu\/wp-json\/wp\/v2\/media?parent=3466"}],"curies":[{"name":"wp","href":"https:\/\/api.w.org\/{rel}","templated":true}]}}