{"id":3468,"date":"2020-12-22T13:10:55","date_gmt":"2020-12-22T12:10:55","guid":{"rendered":"https:\/\/www.bodegasitsasmendi.com\/politica-de-privacidad\/"},"modified":"2021-05-17T15:29:10","modified_gmt":"2021-05-17T13:29:10","slug":"pribatutasun-politika","status":"publish","type":"page","link":"https:\/\/bodegasitsasmendi.com\/eu\/pribatutasun-politika\/","title":{"rendered":"Pribatutasun politika"},"content":{"rendered":"\n<h2 class=\"wp-block-heading\">Protecci\u00f3n de datos de car\u00e1cter personal<\/h2>\n\n\n\n<p>La pol\u00edtica en materia de protecci\u00f3n de datos de car\u00e1cter personal y confidencialidad de&nbsp;Bodegas Itsasmendi&nbsp;se extiende a todo lo relativo a la recogida y uso de la informaci\u00f3n proporcionada a trav\u00e9s de la Web.<\/p>\n\n\n\n<h3 class=\"wp-block-heading\">9.1. Informaci\u00f3n y finalidad<\/h3>\n\n\n\n<p>La respuesta total o parcial a los formularios de esta Web es totalmente voluntaria y la no respuesta no tiene consecuenticas. En cumplimiento de lo dispuesto en la Ley Org\u00e1nica 15\/1999, de 13 de diciembre, de Protecci\u00f3n de Datos de Car\u00e1cter Personal (LOPD), los datos facilitados por usted ser\u00e1n incorporados a un fichero de propiedad de BODEGAS ITSASMENDI, S.L. con CIF: B-48972236 y domicilio Barrio Arane, 66 &#8211; Apdo. de correos 241 &#8211; 48300 Gernika \u2013 Vizcaya. En los propios formularios se ceden los datos facilitados por los usuarios a Bodegas Itsasmendi, S.L. respetando en todo caso la voluntad de los usuarios y en estricto cumplimiento con la LOPD y la su normativa de desarrollo habi\u00e9ndose adoptado todas las medidas de seguridad necesarias y exigidas por el RD 1720\/2007 para garantizar la confidencialidad y seguridad de los datos suministrados.<\/p>\n\n\n\n<p>Mediante el registro y la aceptaci\u00f3n de las condiciones generales del servicio, el Usuario de la Web, se considera legalmente informado y consciente de&nbsp;que Bodegas Itsasmendi almacenar\u00e1 y tratar\u00e1 los datos de car\u00e1cter personal facilitados en el registro, los derivados del uso del servicio (los datos obtenidos de las compras), as\u00ed como los resultantes de procesos inform\u00e1ticos con la finalidad de prestar el servicio solicitado por el cliente y hacerle part\u00edcipe del plan comercial, para lo que se realizar\u00e1n segmentaciones sobre sus datos, estudios de mercado y elaboraci\u00f3n de perfiles, derivados o no del an\u00e1lisis de sus h\u00e1bitos de compra; tratamiento que permitir\u00e1 aplicar ventajas, descuentos y ofertas adicionales al Cliente y recibir comunicaciones promocionales.<\/p>\n\n\n\n<p>Importante:&nbsp;En caso que no desear recibir informaci\u00f3n promocional, si el cliente cambia de opini\u00f3n, o desea rectificar sus datos, el cliente puede ejercitar los derechos de oposici\u00f3n, acceso, rectificaci\u00f3n y cancelaci\u00f3n o revocar su consentimiento en cualquier momento, dirigi\u00e9ndose por escrito a Bodegas Itsasmendi, B\u00ba Arane, 66- Apdo. 241 \u2013 48300 Gernika-Lumo (Bizkaia) o a trav\u00e9s del correo electr\u00f3nico <a href=\"mailto:info@bodegasitsasmendi.com\">info@bodegasitsasmendi.com<\/a>.<\/p>\n\n\n\n<h3 class=\"wp-block-heading\">9.2. Medidas de seguridad<\/h3>\n\n\n\n<p>BODEGAS ITSASMENDI declara haber adoptado todas las medidas de seguridad necesarias y adecuadas a lo establecido en el Real Decreto 1720\/2007, de 21 de diciembre, por el que se aprueba el Reglamento de desarrollo de la Ley Org\u00e1nica 15\/1999, de 13 de diciembre, de protecci\u00f3n de datos de car\u00e1cter personal y ha establecido todos los medios t\u00e9cnicos a su alcance con la intenci\u00f3n de evitar la p\u00e9rdida, mal uso, alteraci\u00f3n, acceso no autorizado o robo de los datos que Ud. Facilite a BODEGAS ITSASMENDI sin perjuicio de lo dispuesto en el apartado \u201cExclusi\u00f3n de garant\u00edas y de responsabilidad por el funcionamiento del sitio web y de sus servicios.\u201d<\/p>\n\n\n\n<h3 class=\"wp-block-heading\">9.3. Cesi\u00f3n de datos<\/h3>\n\n\n\n<p>BODEGAS ITSASMENDI no realizar\u00e1 cesi\u00f3n de datos de los usuarios a terceros.<\/p>\n","protected":false},"excerpt":{"rendered":"<p>Protecci\u00f3n de datos de car\u00e1cter personal La pol\u00edtica en materia de protecci\u00f3n de datos de car\u00e1cter personal y confidencialidad de&nbsp;Bodegas Itsasmendi&nbsp;se extiende a todo lo relativo a la recogida y uso de la informaci\u00f3n proporcionada a trav\u00e9s de la Web. 9.1. Informaci\u00f3n y finalidad La respuesta total o parcial a los formularios de esta Web [&hellip;]<\/p>\n","protected":false},"author":1,"featured_media":0,"parent":0,"menu_order":0,"comment_status":"closed","ping_status":"closed","template":"","meta":{"_acf_changed":false,"_genesis_hide_title":false,"_genesis_hide_breadcrumbs":false,"_genesis_hide_singular_image":false,"_genesis_hide_footer_widgets":false,"_genesis_custom_body_class":"legal-page","_genesis_custom_post_class":"","_genesis_layout":"","footnotes":""},"class_list":{"0":"post-3468","1":"page","2":"type-page","3":"status-publish","5":"entry"},"acf":[],"yoast_head":"<!-- This site is optimized with the Yoast SEO plugin v26.3 - https:\/\/yoast.com\/wordpress\/plugins\/seo\/ -->\n<title>Pribatutasun politika - Itsasmendi<\/title>\n<meta name=\"robots\" content=\"index, follow, max-snippet:-1, max-image-preview:large, max-video-preview:-1\" \/>\n<link rel=\"canonical\" href=\"https:\/\/bodegasitsasmendi.com\/eu\/pribatutasun-politika\/\" \/>\n<meta property=\"og:locale\" content=\"en_US\" \/>\n<meta property=\"og:type\" content=\"article\" \/>\n<meta property=\"og:title\" content=\"Pribatutasun politika - Itsasmendi\" \/>\n<meta property=\"og:description\" content=\"Protecci\u00f3n de datos de car\u00e1cter personal La pol\u00edtica en materia de protecci\u00f3n de datos de car\u00e1cter personal y confidencialidad de&nbsp;Bodegas Itsasmendi&nbsp;se extiende a todo lo relativo a la recogida y uso de la informaci\u00f3n proporcionada a trav\u00e9s de la Web. 9.1. Informaci\u00f3n y finalidad La respuesta total o parcial a los formularios de esta Web [&hellip;]\" \/>\n<meta property=\"og:url\" content=\"https:\/\/bodegasitsasmendi.com\/eu\/pribatutasun-politika\/\" \/>\n<meta property=\"og:site_name\" content=\"Itsasmendi\" \/>\n<meta property=\"article:publisher\" content=\"https:\/\/www.facebook.com\/profile.php?id=100034329375386\" \/>\n<meta property=\"article:modified_time\" content=\"2021-05-17T13:29:10+00:00\" \/>\n<meta name=\"twitter:card\" content=\"summary_large_image\" \/>\n<meta name=\"twitter:site\" content=\"@bitsasmendi\" \/>\n<meta name=\"twitter:label1\" content=\"Est. reading time\" \/>\n\t<meta name=\"twitter:data1\" content=\"3 minutua\" \/>\n<script type=\"application\/ld+json\" class=\"yoast-schema-graph\">{\"@context\":\"https:\/\/schema.org\",\"@graph\":[{\"@type\":\"WebPage\",\"@id\":\"https:\/\/bodegasitsasmendi.com\/eu\/pribatutasun-politika\/\",\"url\":\"https:\/\/bodegasitsasmendi.com\/eu\/pribatutasun-politika\/\",\"name\":\"Pribatutasun politika - Itsasmendi\",\"isPartOf\":{\"@id\":\"https:\/\/bodegasitsasmendi.com\/eu\/#website\"},\"datePublished\":\"2020-12-22T12:10:55+00:00\",\"dateModified\":\"2021-05-17T13:29:10+00:00\",\"breadcrumb\":{\"@id\":\"https:\/\/bodegasitsasmendi.com\/eu\/pribatutasun-politika\/#breadcrumb\"},\"inLanguage\":\"eu\",\"potentialAction\":[{\"@type\":\"ReadAction\",\"target\":[\"https:\/\/bodegasitsasmendi.com\/eu\/pribatutasun-politika\/\"]}]},{\"@type\":\"BreadcrumbList\",\"@id\":\"https:\/\/bodegasitsasmendi.com\/eu\/pribatutasun-politika\/#breadcrumb\",\"itemListElement\":[{\"@type\":\"ListItem\",\"position\":1,\"name\":\"Portada\",\"item\":\"https:\/\/bodegasitsasmendi.com\/eu\/\"},{\"@type\":\"ListItem\",\"position\":2,\"name\":\"Pribatutasun politika\"}]},{\"@type\":\"WebSite\",\"@id\":\"https:\/\/bodegasitsasmendi.com\/eu\/#website\",\"url\":\"https:\/\/bodegasitsasmendi.com\/eu\/\",\"name\":\"Artizar Enoturismo\",\"description\":\"Bodega de Txakoli\",\"publisher\":{\"@id\":\"https:\/\/bodegasitsasmendi.com\/eu\/#organization\"},\"potentialAction\":[{\"@type\":\"SearchAction\",\"target\":{\"@type\":\"EntryPoint\",\"urlTemplate\":\"https:\/\/bodegasitsasmendi.com\/eu\/?s={search_term_string}\"},\"query-input\":{\"@type\":\"PropertyValueSpecification\",\"valueRequired\":true,\"valueName\":\"search_term_string\"}}],\"inLanguage\":\"eu\"},{\"@type\":\"Organization\",\"@id\":\"https:\/\/bodegasitsasmendi.com\/eu\/#organization\",\"name\":\"Itsasmendi\",\"url\":\"https:\/\/bodegasitsasmendi.com\/eu\/\",\"logo\":{\"@type\":\"ImageObject\",\"inLanguage\":\"eu\",\"@id\":\"https:\/\/bodegasitsasmendi.com\/eu\/#\/schema\/logo\/image\/\",\"url\":\"https:\/\/bodegasitsasmendi.com\/wp-content\/uploads\/LOGO-ITSASMENDI@2x.png\",\"contentUrl\":\"https:\/\/bodegasitsasmendi.com\/wp-content\/uploads\/LOGO-ITSASMENDI@2x.png\",\"width\":508,\"height\":152,\"caption\":\"Itsasmendi\"},\"image\":{\"@id\":\"https:\/\/bodegasitsasmendi.com\/eu\/#\/schema\/logo\/image\/\"},\"sameAs\":[\"https:\/\/www.facebook.com\/profile.php?id=100034329375386\",\"https:\/\/x.com\/bitsasmendi\",\"https:\/\/www.instagram.com\/bodegasitsasmendi\/\"]}]}<\/script>\n<!-- \/ Yoast SEO plugin. -->","yoast_head_json":{"title":"Pribatutasun politika - Itsasmendi","robots":{"index":"index","follow":"follow","max-snippet":"max-snippet:-1","max-image-preview":"max-image-preview:large","max-video-preview":"max-video-preview:-1"},"canonical":"https:\/\/bodegasitsasmendi.com\/eu\/pribatutasun-politika\/","og_locale":"en_US","og_type":"article","og_title":"Pribatutasun politika - Itsasmendi","og_description":"Protecci\u00f3n de datos de car\u00e1cter personal La pol\u00edtica en materia de protecci\u00f3n de datos de car\u00e1cter personal y confidencialidad de&nbsp;Bodegas Itsasmendi&nbsp;se extiende a todo lo relativo a la recogida y uso de la informaci\u00f3n proporcionada a trav\u00e9s de la Web. 9.1. Informaci\u00f3n y finalidad La respuesta total o parcial a los formularios de esta Web [&hellip;]","og_url":"https:\/\/bodegasitsasmendi.com\/eu\/pribatutasun-politika\/","og_site_name":"Itsasmendi","article_publisher":"https:\/\/www.facebook.com\/profile.php?id=100034329375386","article_modified_time":"2021-05-17T13:29:10+00:00","twitter_card":"summary_large_image","twitter_site":"@bitsasmendi","twitter_misc":{"Est. reading time":"3 minutua"},"schema":{"@context":"https:\/\/schema.org","@graph":[{"@type":"WebPage","@id":"https:\/\/bodegasitsasmendi.com\/eu\/pribatutasun-politika\/","url":"https:\/\/bodegasitsasmendi.com\/eu\/pribatutasun-politika\/","name":"Pribatutasun politika - Itsasmendi","isPartOf":{"@id":"https:\/\/bodegasitsasmendi.com\/eu\/#website"},"datePublished":"2020-12-22T12:10:55+00:00","dateModified":"2021-05-17T13:29:10+00:00","breadcrumb":{"@id":"https:\/\/bodegasitsasmendi.com\/eu\/pribatutasun-politika\/#breadcrumb"},"inLanguage":"eu","potentialAction":[{"@type":"ReadAction","target":["https:\/\/bodegasitsasmendi.com\/eu\/pribatutasun-politika\/"]}]},{"@type":"BreadcrumbList","@id":"https:\/\/bodegasitsasmendi.com\/eu\/pribatutasun-politika\/#breadcrumb","itemListElement":[{"@type":"ListItem","position":1,"name":"Portada","item":"https:\/\/bodegasitsasmendi.com\/eu\/"},{"@type":"ListItem","position":2,"name":"Pribatutasun politika"}]},{"@type":"WebSite","@id":"https:\/\/bodegasitsasmendi.com\/eu\/#website","url":"https:\/\/bodegasitsasmendi.com\/eu\/","name":"Artizar Enoturismo","description":"Bodega de Txakoli","publisher":{"@id":"https:\/\/bodegasitsasmendi.com\/eu\/#organization"},"potentialAction":[{"@type":"SearchAction","target":{"@type":"EntryPoint","urlTemplate":"https:\/\/bodegasitsasmendi.com\/eu\/?s={search_term_string}"},"query-input":{"@type":"PropertyValueSpecification","valueRequired":true,"valueName":"search_term_string"}}],"inLanguage":"eu"},{"@type":"Organization","@id":"https:\/\/bodegasitsasmendi.com\/eu\/#organization","name":"Itsasmendi","url":"https:\/\/bodegasitsasmendi.com\/eu\/","logo":{"@type":"ImageObject","inLanguage":"eu","@id":"https:\/\/bodegasitsasmendi.com\/eu\/#\/schema\/logo\/image\/","url":"https:\/\/bodegasitsasmendi.com\/wp-content\/uploads\/LOGO-ITSASMENDI@2x.png","contentUrl":"https:\/\/bodegasitsasmendi.com\/wp-content\/uploads\/LOGO-ITSASMENDI@2x.png","width":508,"height":152,"caption":"Itsasmendi"},"image":{"@id":"https:\/\/bodegasitsasmendi.com\/eu\/#\/schema\/logo\/image\/"},"sameAs":["https:\/\/www.facebook.com\/profile.php?id=100034329375386","https:\/\/x.com\/bitsasmendi","https:\/\/www.instagram.com\/bodegasitsasmendi\/"]}]}},"featured_image_src":null,"featured_image_src_square":null,"_links":{"self":[{"href":"https:\/\/bodegasitsasmendi.com\/eu\/wp-json\/wp\/v2\/pages\/3468","targetHints":{"allow":["GET"]}}],"collection":[{"href":"https:\/\/bodegasitsasmendi.com\/eu\/wp-json\/wp\/v2\/pages"}],"about":[{"href":"https:\/\/bodegasitsasmendi.com\/eu\/wp-json\/wp\/v2\/types\/page"}],"author":[{"embeddable":true,"href":"https:\/\/bodegasitsasmendi.com\/eu\/wp-json\/wp\/v2\/users\/1"}],"replies":[{"embeddable":true,"href":"https:\/\/bodegasitsasmendi.com\/eu\/wp-json\/wp\/v2\/comments?post=3468"}],"version-history":[{"count":1,"href":"https:\/\/bodegasitsasmendi.com\/eu\/wp-json\/wp\/v2\/pages\/3468\/revisions"}],"predecessor-version":[{"id":3469,"href":"https:\/\/bodegasitsasmendi.com\/eu\/wp-json\/wp\/v2\/pages\/3468\/revisions\/3469"}],"wp:attachment":[{"href":"https:\/\/bodegasitsasmendi.com\/eu\/wp-json\/wp\/v2\/media?parent=3468"}],"curies":[{"name":"wp","href":"https:\/\/api.w.org\/{rel}","templated":true}]}}