{"id":9391,"date":"2022-03-31T13:18:41","date_gmt":"2022-03-31T11:18:41","guid":{"rendered":"https:\/\/www.bodegasitsasmendi.com\/gure-txakolinak\/eklipse\/"},"modified":"2026-02-09T10:41:47","modified_gmt":"2026-02-09T09:41:47","slug":"eklipse","status":"publish","type":"page","link":"https:\/\/bodegasitsasmendi.com\/eu\/gure-txakolinak\/eklipse\/","title":{"rendered":"Eklipse"},"content":{"rendered":"\n<div class=\"wp-block-columns are-vertically-aligned-center block-image-text is-layout-flex wp-container-core-columns-is-layout-9d6595d7 wp-block-columns-is-layout-flex\">\n<div class=\"wp-block-column is-vertically-aligned-center block-image-text--image is-layout-flow wp-block-column-is-layout-flow\"><div class=\"wp-block-image\">\n<figure class=\"aligncenter size-full\"><img loading=\"lazy\" decoding=\"async\" width=\"346\" height=\"538\" src=\"https:\/\/bodegasitsasmendi.com\/wp-content\/uploads\/Eklipse-2019-PM_3-Bot-web-pixel.png\" alt=\"Eklipse 2019 \" class=\"wp-image-10383\" srcset=\"https:\/\/bodegasitsasmendi.com\/wp-content\/uploads\/Eklipse-2019-PM_3-Bot-web-pixel.png 346w, https:\/\/bodegasitsasmendi.com\/wp-content\/uploads\/Eklipse-2019-PM_3-Bot-web-pixel-193x300.png 193w\" sizes=\"auto, (max-width: 346px) 100vw, 346px\" \/><\/figure><\/div><\/div>\n\n\n\n<div class=\"wp-block-column is-vertically-aligned-center block-image-text--text is-layout-flow wp-block-column-is-layout-flow\">\n<h2 class=\"wp-block-heading\">Kantauriko artadia izenez ezagutzen den lurraldean; Pinot Noir eta Hondarrabi beltza barietateak<\/h2>\n\n\n\n<p>BFA eta Bizkaiko Txakolina JIren arteko lankidetzarekin Pinot Noir y Hondarrabi beltza barietateen portaera agronomiko eta enologikoa izeneko proiektuaren barrukoa da. Mahastiak: Gorliz (1 ha) eta Muskiz (0,75 ha) herrietan, Kantauriko artadia izenez ezagutzen den lurretan (kare-harri jatorridun zoru oso buztintsuak) Pinot Noir eta Hondarrabi beltza barietateetako mahatsak. Klima: Kantauri itsasoaren hurbiltasunari esker bertako mikroklimaren arabera lur sailek batez besteko urteko 931 mm-ko plubiometria izaten dute.<\/p>\n\n\n\n<div class=\"wp-block-buttons is-layout-flex wp-block-buttons-is-layout-flex\">\n<div class=\"wp-block-button btn btn-border-secondary is-style-outline is-style-outline--1\"><a class=\"wp-block-button__link wp-element-button\" href=\"https:\/\/artizarenoturismo.com\/producto\/eklipse\/\" style=\"border-radius:0px\" target=\"_blank\" rel=\"noreferrer noopener\">TXAKOLINA EROSI<\/a><\/div>\n<\/div>\n<\/div>\n<\/div>\n\n\n\n<div class=\"wp-block-columns cc-vino-datos is-layout-flex wp-container-core-columns-is-layout-9d6595d7 wp-block-columns-is-layout-flex\">\n<div class=\"wp-block-column is-layout-flow wp-block-column-is-layout-flow\">\n<h3 class=\"wp-block-heading has-text-align-center\">Alkohola<\/h3>\n\n\n\n<p class=\"has-text-align-center\">13,5%<\/p>\n<\/div>\n\n\n\n<div class=\"wp-block-column is-layout-flow wp-block-column-is-layout-flow\">\n<h3 class=\"wp-block-heading has-text-align-center\">Azkenengo uzta<\/h3>\n\n\n\n<p class=\"has-text-align-center\">2021<\/p>\n<\/div>\n<\/div>\n\n\n\n<figure class=\"wp-block-image alignfull size-large\"><img loading=\"lazy\" decoding=\"async\" width=\"1024\" height=\"481\" src=\"https:\/\/bodegasitsasmendi.com\/wp-content\/uploads\/BG_Header-eklipse-1024x481.jpg\" alt=\"\" class=\"wp-image-9048\" srcset=\"https:\/\/bodegasitsasmendi.com\/wp-content\/uploads\/BG_Header-eklipse-1024x481.jpg 1024w, https:\/\/bodegasitsasmendi.com\/wp-content\/uploads\/BG_Header-eklipse-300x141.jpg 300w, https:\/\/bodegasitsasmendi.com\/wp-content\/uploads\/BG_Header-eklipse-768x361.jpg 768w, https:\/\/bodegasitsasmendi.com\/wp-content\/uploads\/BG_Header-eklipse.jpg 1440w\" sizes=\"auto, (max-width: 1024px) 100vw, 1024px\" \/><\/figure>\n\n\n\n<p class=\"has-text-align-left special-p special-p-oval\">Atlantikoko beltz desberdina<\/p>\n\n\n\n<div class=\"wp-block-group\"><div class=\"wp-block-group__inner-container is-layout-flow wp-block-group-is-layout-flow\"><\/div><\/div>\n\n\n\n<div class=\"wp-block-columns is-layout-flex wp-container-core-columns-is-layout-9d6595d7 wp-block-columns-is-layout-flex\">\n<div class=\"wp-block-column is-layout-flow wp-block-column-is-layout-flow\">\n<h3 class=\"wp-block-heading\">Barietateak<\/h3>\n\n\n\n<p>%60 Pinot Noir eta %40 Hondarrabi Beltzaren arteko coupagea. Barietate atlantiar bi hauek oso nabarmenak dira lur zoruaren ezaugarriak ardoetan igortzeko duten ahalmenagatik. Horregatik, era ezin eleganteagoan nabaritzen dira itsasoari begira dauden lur sail bietako ezaugarri eko-fisiologikoak.<\/p>\n\n\n\n<p><\/p>\n<\/div>\n\n\n\n<div class=\"wp-block-column is-layout-flow wp-block-column-is-layout-flow\">\n<h3 class=\"wp-block-heading\">Mahastiak<\/h3>\n\n\n\n<p>Gorliz (1 ha) eta Muskiz (0,75 ha) herrietan, Kantauriko artadia izenez ezagutzen den lurretan 20 urte baino zaharragoak diren mahastiak. Kare-harri jatorridun lur zoru oso buztintsuak.<\/p>\n<\/div>\n\n\n\n<div class=\"wp-block-column is-layout-flow wp-block-column-is-layout-flow\">\n<h3 class=\"wp-block-heading\">Elaborazioa<\/h3>\n\n\n\n<p>Altzairu herdoilgaitzezko depositu tronko-konikoan hartzitua, eta ondoren, 6 hilabetez 2000 litroko kupeltzarrean ondua, txakolinak egituran eta konplexutasunean irabazi egin du; %13,5 gradu.<\/p>\n<\/div>\n\n\n\n<div class=\"wp-block-column is-layout-flow wp-block-column-is-layout-flow\">\n<h3 class=\"wp-block-heading\">Dastaketaren ezaugarriak<\/h3>\n\n\n\n<p>2021ean 37 egunez egon ginen mahatsa biltzen, tenperatura baxuak eta heltze motela zirela eta gerezi kolore gorri arin bat. Aroma-intentsitate handia: fruitu gorriak (mugurdia, adibidez), belarkarak (te-landarea, adibidez) eta fruta beltzaren notak (hirugarren sektoreko tabako-notekin nahastuta) nabarmentzen dira. Ahoan oso sarrera freskoa du, eta pauso arin eta aromatiko batean jarraitzen du, \u00f1abardura afrutatu eta belarkarak dituela. Tanino sedoso bat du, konplexutasuna ematen diona, eta bukaera luzea ematen dio basoko fruitu-jogurtari eta kakao-notei eta espeziei. \u00d1abardura horiek ardo delikatua bihurtzen dute, baina oso gastronomikoa, egosiak, gisatuak eta arrainak laguntzeko.<\/p>\n<\/div>\n<\/div>\n\n\n\n<figure class=\"wp-block-embed is-type-video is-provider-youtube wp-block-embed-youtube wp-embed-aspect-16-9 wp-has-aspect-ratio\"><div class=\"wp-block-embed__wrapper\">\n<iframe loading=\"lazy\" title=\"Itsasmendi Eklipse\" width=\"500\" height=\"281\" src=\"https:\/\/www.youtube.com\/embed\/RLU4oOGSE9I?feature=oembed\" frameborder=\"0\" allow=\"accelerometer; autoplay; clipboard-write; encrypted-media; gyroscope; picture-in-picture; web-share\" referrerpolicy=\"strict-origin-when-cross-origin\" allowfullscreen><\/iframe>\n<\/div><\/figure>\n\n\n\n<div class=\"wp-block-group gs-relative\"><div class=\"wp-block-group__inner-container is-layout-flow wp-block-group-is-layout-flow\">\n<h2 class=\"wp-block-heading block-title in-page\">Gure txakolinaz esaten dutena<\/h2>\n\n\n\n<div id=\"one-col-slider-block_029aa3d319eda7a2f33f8f212abd42ec\" class=\"cc-one-col-slider\">\n\n    <div class=\"cc-one-col-slider-wrapper\">\n\n    \n            <!-- Slider main container -->\n            <div class=\"swiper-container swiper-container-header\">\n                \n                <!-- Additional required wrapper -->\n                <div class=\"swiper-wrapper\">\n                    <!-- Slides -->\n            \n                                            <div class=\"swiper-slide\">\n                            <div class=\"slide-wrap\">\n\n\n                                \n                                <p class=\"slider-title\">James Suckling 2025 &#8211; 90 puntu<\/p>                                 \n                                \n                                <p>Eklipse 2020<\/p>\n                                \n                               \n                            <\/div>\n                        <\/div><!-- .swiper-slide -->\n                        \n\n                                            <div class=\"swiper-slide\">\n                            <div class=\"slide-wrap\">\n\n\n                                \n                                <p class=\"slider-title\">James Suckling 2023 &#8211; 91 puntu<\/p>                                 \n                                \n                                <p>Eklipse 2018<\/p>\n<p>&#8220;Goxoa, amaiera goxo batekin afrutatua.&#8221;<\/p>\n                                \n                               \n                            <\/div>\n                        <\/div><!-- .swiper-slide -->\n                        \n\n                                            <div class=\"swiper-slide\">\n                            <div class=\"slide-wrap\">\n\n\n                                \n                                <p class=\"slider-title\">Gu\u00eda Pe\u00f1\u00edn 2021 &#8211; 90 puntos<\/p>                                 \n                                \n                                <p>Eklipse 2017 &#8211; 89 puntu<\/p>\n<p>Eklipse 2016 Mg &#8211; 90 puntu<\/p>\n                                \n                               \n                            <\/div>\n                        <\/div><!-- .swiper-slide -->\n                        \n\n                                            <div class=\"swiper-slide\">\n                            <div class=\"slide-wrap\">\n\n\n                                \n                                <p class=\"slider-title\">\u201cEklipse 2011, otro vimo sorprenderte en una Bodega que hace vinos de aupa, peculiar y muy interesante.\u201d<\/p>                                 \n                                \n                                <p><strong>Eklipse 2011<\/strong><br \/>\nGPS, Julio de 2013<\/p>\n                                \n                               \n                            <\/div>\n                        <\/div><!-- .swiper-slide -->\n                        \n\n                                            <div class=\"swiper-slide\">\n                            <div class=\"slide-wrap\">\n\n\n                                \n                                <p class=\"slider-title\">\u201cProyecto de I+D para la revitalizaci\u00f3n de tintos en Vizcaya, nace como su etiqueta vanguardista. Toques terrosos con frutillos silvestres y una original punta vegetal.\u201d<\/p>                                 \n                                \n                                <p><strong>Eklipse<\/strong><br \/>\nMivino-Vinum<\/p>\n                                \n                               \n                            <\/div>\n                        <\/div><!-- .swiper-slide -->\n                        \n\n                                    \n                <\/div><!-- .swiper-wrapper -->\n\n                <!-- Arrows navigation -->                    \n                <div class=\"one-col-swiper-button-prev arrows-navigation\"><\/div>\n                <div class=\"one-col-swiper-button-next arrows-navigation\"><\/div>\n\n                <!-- Scrollbar -->\n                <div class=\"swiper-scrollbar-w100\"><\/div>\n\n            <\/div><!-- .swiper-container -->    \n\n\n\n            <!-- Arrows -->\n                <!-- <div class=\"swiper-button-prev\"><\/div>\n                <div class=\"swiper-button-next\"><\/div> -->\n        \n    <\/div><!-- .cc-slider-header-wrapper -->\n<\/div>\n\n\n<div class=\"gs-parallax-v gs-wine-1\"><\/div>\n<\/div><\/div>\n\n\n\n<div class=\"wp-block-columns is-layout-flex wp-container-core-columns-is-layout-9d6595d7 wp-block-columns-is-layout-flex\">\n<div class=\"wp-block-column is-layout-flow wp-block-column-is-layout-flow\">\n<figure class=\"wp-block-image alignfull size-full\"><img loading=\"lazy\" decoding=\"async\" width=\"400\" height=\"533\" src=\"https:\/\/bodegasitsasmendi.com\/wp-content\/uploads\/Composicion-Eklipse-2019_2-edited.jpg\" alt=\"\" class=\"wp-image-10412\" srcset=\"https:\/\/bodegasitsasmendi.com\/wp-content\/uploads\/Composicion-Eklipse-2019_2-edited.jpg 400w, https:\/\/bodegasitsasmendi.com\/wp-content\/uploads\/Composicion-Eklipse-2019_2-edited-225x300.jpg 225w\" sizes=\"auto, (max-width: 400px) 100vw, 400px\" \/><\/figure>\n<\/div>\n\n\n\n<div class=\"wp-block-column is-layout-flow wp-block-column-is-layout-flow\">\n<h2 class=\"wp-block-heading block-title in-page no-margin\">Sariak<\/h2>\n\n\n\n<div id=\"awards-list-block-block_a139c0bbdce7272bd850f1de5ac47aed\" class=\"cc-awards-list-block\">\n\n\n    \n        <ul class=\"awards-list\">\n\n                            <li class=\"awards-item\">\n                    <span class=\"awards-wine\">Itsasmendi Eklipse 2011<\/span>\n                    <span class=\"awards-title\">Dos Estrellas Prowein 2013<\/span>\n                                            <img decoding=\"async\" src=\"https:\/\/bodegasitsasmendi.com\/wp-content\/uploads\/Prowein-estrella.png\" alt=\"Dos Estrellas Prowein 2013\">\n                                    <\/li>\n\n            \n        <\/ul>\n\n    <\/div><\/div>\n<\/div>\n\n\n\n<div class=\"wp-block-group cta-contacto light-cta-block gs-relative\"><div class=\"wp-block-group__inner-container is-layout-flow wp-block-group-is-layout-flow\">\n<h2 class=\"wp-block-heading block-title\">Online denda<\/h2>\n\n\n\n<p class=\"special-p \">Eklipse dastatu nahi duzu?<br>Gure online denda bisitatu<\/p>\n\n\n\n<div class=\"wp-block-buttons is-layout-flex wp-block-buttons-is-layout-flex\">\n<div class=\"wp-block-button btn btn-border-secondary\"><a class=\"wp-block-button__link wp-element-button\" href=\"https:\/\/artizarenoturismo.com\/eu\/produktua\/eklipse\/\" target=\"_blank\" rel=\"noreferrer noopener\">Txakolina erosi<\/a><\/div>\n<\/div>\n\n\n\n<div class=\"gs-parallax-v gs-wine-2\"><\/div>\n<div class=\"gs-parallax-v gs-wine-3\"><\/div>\n<\/div><\/div>\n","protected":false},"excerpt":{"rendered":"<p>Kantauriko artadia izenez ezagutzen den lurraldean; Pinot Noir eta Hondarrabi beltza barietateak BFA eta Bizkaiko Txakolina JIren arteko lankidetzarekin Pinot Noir y Hondarrabi beltza barietateen portaera agronomiko eta enologikoa izeneko proiektuaren barrukoa da. Mahastiak: Gorliz (1 ha) eta Muskiz (0,75 ha) herrietan, Kantauriko artadia izenez ezagutzen den lurretan (kare-harri jatorridun zoru oso buztintsuak) Pinot Noir [&hellip;]<\/p>\n","protected":false},"author":1,"featured_media":0,"parent":9362,"menu_order":0,"comment_status":"closed","ping_status":"closed","template":"","meta":{"_acf_changed":false,"_genesis_hide_title":false,"_genesis_hide_breadcrumbs":false,"_genesis_hide_singular_image":false,"_genesis_hide_footer_widgets":false,"_genesis_custom_body_class":"","_genesis_custom_post_class":"","_genesis_layout":"","footnotes":""},"class_list":{"0":"post-9391","1":"page","2":"type-page","3":"status-publish","5":"entry","6":"has-post-thumbnail"},"acf":[],"yoast_head":"<!-- This site is optimized with the Yoast SEO plugin v26.3 - https:\/\/yoast.com\/wordpress\/plugins\/seo\/ -->\n<title>Eklipse - Itsasmendi<\/title>\n<meta name=\"robots\" content=\"index, follow, max-snippet:-1, max-image-preview:large, max-video-preview:-1\" \/>\n<link rel=\"canonical\" href=\"https:\/\/bodegasitsasmendi.com\/eu\/gure-txakolinak\/eklipse\/\" \/>\n<meta property=\"og:locale\" content=\"en_US\" \/>\n<meta property=\"og:type\" content=\"article\" \/>\n<meta property=\"og:title\" content=\"Eklipse - Itsasmendi\" \/>\n<meta property=\"og:description\" content=\"Kantauriko artadia izenez ezagutzen den lurraldean; Pinot Noir eta Hondarrabi beltza barietateak BFA eta Bizkaiko Txakolina JIren arteko lankidetzarekin Pinot Noir y Hondarrabi beltza barietateen portaera agronomiko eta enologikoa izeneko proiektuaren barrukoa da. Mahastiak: Gorliz (1 ha) eta Muskiz (0,75 ha) herrietan, Kantauriko artadia izenez ezagutzen den lurretan (kare-harri jatorridun zoru oso buztintsuak) Pinot Noir [&hellip;]\" \/>\n<meta property=\"og:url\" content=\"https:\/\/bodegasitsasmendi.com\/eu\/gure-txakolinak\/eklipse\/\" \/>\n<meta property=\"og:site_name\" content=\"Itsasmendi\" \/>\n<meta property=\"article:publisher\" content=\"https:\/\/www.facebook.com\/profile.php?id=100034329375386\" \/>\n<meta property=\"article:modified_time\" content=\"2026-02-09T09:41:47+00:00\" \/>\n<meta property=\"og:image\" content=\"https:\/\/bodegasitsasmendi.com\/wp-content\/uploads\/Eklipse-2019-PM_3-Bot-web-pixel.png\" \/>\n\t<meta property=\"og:image:width\" content=\"346\" \/>\n\t<meta property=\"og:image:height\" content=\"538\" \/>\n\t<meta property=\"og:image:type\" content=\"image\/png\" \/>\n<meta name=\"twitter:card\" content=\"summary_large_image\" \/>\n<meta name=\"twitter:site\" content=\"@bitsasmendi\" \/>\n<meta name=\"twitter:label1\" content=\"Est. reading time\" \/>\n\t<meta name=\"twitter:data1\" content=\"1 minutua\" \/>\n<script type=\"application\/ld+json\" class=\"yoast-schema-graph\">{\"@context\":\"https:\/\/schema.org\",\"@graph\":[{\"@type\":\"WebPage\",\"@id\":\"https:\/\/bodegasitsasmendi.com\/eu\/gure-txakolinak\/eklipse\/\",\"url\":\"https:\/\/bodegasitsasmendi.com\/eu\/gure-txakolinak\/eklipse\/\",\"name\":\"Eklipse - Itsasmendi\",\"isPartOf\":{\"@id\":\"https:\/\/bodegasitsasmendi.com\/eu\/#website\"},\"primaryImageOfPage\":{\"@id\":\"https:\/\/bodegasitsasmendi.com\/eu\/gure-txakolinak\/eklipse\/#primaryimage\"},\"image\":{\"@id\":\"https:\/\/bodegasitsasmendi.com\/eu\/gure-txakolinak\/eklipse\/#primaryimage\"},\"thumbnailUrl\":\"https:\/\/bodegasitsasmendi.com\/wp-content\/uploads\/Eklipse-2019-PM_3-Bot-web-pixel.png\",\"datePublished\":\"2022-03-31T11:18:41+00:00\",\"dateModified\":\"2026-02-09T09:41:47+00:00\",\"breadcrumb\":{\"@id\":\"https:\/\/bodegasitsasmendi.com\/eu\/gure-txakolinak\/eklipse\/#breadcrumb\"},\"inLanguage\":\"eu\",\"potentialAction\":[{\"@type\":\"ReadAction\",\"target\":[\"https:\/\/bodegasitsasmendi.com\/eu\/gure-txakolinak\/eklipse\/\"]}]},{\"@type\":\"ImageObject\",\"inLanguage\":\"eu\",\"@id\":\"https:\/\/bodegasitsasmendi.com\/eu\/gure-txakolinak\/eklipse\/#primaryimage\",\"url\":\"https:\/\/bodegasitsasmendi.com\/wp-content\/uploads\/Eklipse-2019-PM_3-Bot-web-pixel.png\",\"contentUrl\":\"https:\/\/bodegasitsasmendi.com\/wp-content\/uploads\/Eklipse-2019-PM_3-Bot-web-pixel.png\"},{\"@type\":\"BreadcrumbList\",\"@id\":\"https:\/\/bodegasitsasmendi.com\/eu\/gure-txakolinak\/eklipse\/#breadcrumb\",\"itemListElement\":[{\"@type\":\"ListItem\",\"position\":1,\"name\":\"Portada\",\"item\":\"https:\/\/bodegasitsasmendi.com\/eu\/\"},{\"@type\":\"ListItem\",\"position\":2,\"name\":\"Gure Txakolinak\",\"item\":\"https:\/\/bodegasitsasmendi.com\/eu\/gure-txakolinak\/\"},{\"@type\":\"ListItem\",\"position\":3,\"name\":\"Eklipse\"}]},{\"@type\":\"WebSite\",\"@id\":\"https:\/\/bodegasitsasmendi.com\/eu\/#website\",\"url\":\"https:\/\/bodegasitsasmendi.com\/eu\/\",\"name\":\"Artizar Enoturismo\",\"description\":\"Bodega de Txakoli\",\"publisher\":{\"@id\":\"https:\/\/bodegasitsasmendi.com\/eu\/#organization\"},\"potentialAction\":[{\"@type\":\"SearchAction\",\"target\":{\"@type\":\"EntryPoint\",\"urlTemplate\":\"https:\/\/bodegasitsasmendi.com\/eu\/?s={search_term_string}\"},\"query-input\":{\"@type\":\"PropertyValueSpecification\",\"valueRequired\":true,\"valueName\":\"search_term_string\"}}],\"inLanguage\":\"eu\"},{\"@type\":\"Organization\",\"@id\":\"https:\/\/bodegasitsasmendi.com\/eu\/#organization\",\"name\":\"Itsasmendi\",\"url\":\"https:\/\/bodegasitsasmendi.com\/eu\/\",\"logo\":{\"@type\":\"ImageObject\",\"inLanguage\":\"eu\",\"@id\":\"https:\/\/bodegasitsasmendi.com\/eu\/#\/schema\/logo\/image\/\",\"url\":\"https:\/\/bodegasitsasmendi.com\/wp-content\/uploads\/LOGO-ITSASMENDI@2x.png\",\"contentUrl\":\"https:\/\/bodegasitsasmendi.com\/wp-content\/uploads\/LOGO-ITSASMENDI@2x.png\",\"width\":508,\"height\":152,\"caption\":\"Itsasmendi\"},\"image\":{\"@id\":\"https:\/\/bodegasitsasmendi.com\/eu\/#\/schema\/logo\/image\/\"},\"sameAs\":[\"https:\/\/www.facebook.com\/profile.php?id=100034329375386\",\"https:\/\/x.com\/bitsasmendi\",\"https:\/\/www.instagram.com\/bodegasitsasmendi\/\"]}]}<\/script>\n<!-- \/ Yoast SEO plugin. -->","yoast_head_json":{"title":"Eklipse - Itsasmendi","robots":{"index":"index","follow":"follow","max-snippet":"max-snippet:-1","max-image-preview":"max-image-preview:large","max-video-preview":"max-video-preview:-1"},"canonical":"https:\/\/bodegasitsasmendi.com\/eu\/gure-txakolinak\/eklipse\/","og_locale":"en_US","og_type":"article","og_title":"Eklipse - Itsasmendi","og_description":"Kantauriko artadia izenez ezagutzen den lurraldean; Pinot Noir eta Hondarrabi beltza barietateak BFA eta Bizkaiko Txakolina JIren arteko lankidetzarekin Pinot Noir y Hondarrabi beltza barietateen portaera agronomiko eta enologikoa izeneko proiektuaren barrukoa da. Mahastiak: Gorliz (1 ha) eta Muskiz (0,75 ha) herrietan, Kantauriko artadia izenez ezagutzen den lurretan (kare-harri jatorridun zoru oso buztintsuak) Pinot Noir [&hellip;]","og_url":"https:\/\/bodegasitsasmendi.com\/eu\/gure-txakolinak\/eklipse\/","og_site_name":"Itsasmendi","article_publisher":"https:\/\/www.facebook.com\/profile.php?id=100034329375386","article_modified_time":"2026-02-09T09:41:47+00:00","og_image":[{"width":346,"height":538,"url":"https:\/\/bodegasitsasmendi.com\/wp-content\/uploads\/Eklipse-2019-PM_3-Bot-web-pixel.png","type":"image\/png"}],"twitter_card":"summary_large_image","twitter_site":"@bitsasmendi","twitter_misc":{"Est. reading time":"1 minutua"},"schema":{"@context":"https:\/\/schema.org","@graph":[{"@type":"WebPage","@id":"https:\/\/bodegasitsasmendi.com\/eu\/gure-txakolinak\/eklipse\/","url":"https:\/\/bodegasitsasmendi.com\/eu\/gure-txakolinak\/eklipse\/","name":"Eklipse - Itsasmendi","isPartOf":{"@id":"https:\/\/bodegasitsasmendi.com\/eu\/#website"},"primaryImageOfPage":{"@id":"https:\/\/bodegasitsasmendi.com\/eu\/gure-txakolinak\/eklipse\/#primaryimage"},"image":{"@id":"https:\/\/bodegasitsasmendi.com\/eu\/gure-txakolinak\/eklipse\/#primaryimage"},"thumbnailUrl":"https:\/\/bodegasitsasmendi.com\/wp-content\/uploads\/Eklipse-2019-PM_3-Bot-web-pixel.png","datePublished":"2022-03-31T11:18:41+00:00","dateModified":"2026-02-09T09:41:47+00:00","breadcrumb":{"@id":"https:\/\/bodegasitsasmendi.com\/eu\/gure-txakolinak\/eklipse\/#breadcrumb"},"inLanguage":"eu","potentialAction":[{"@type":"ReadAction","target":["https:\/\/bodegasitsasmendi.com\/eu\/gure-txakolinak\/eklipse\/"]}]},{"@type":"ImageObject","inLanguage":"eu","@id":"https:\/\/bodegasitsasmendi.com\/eu\/gure-txakolinak\/eklipse\/#primaryimage","url":"https:\/\/bodegasitsasmendi.com\/wp-content\/uploads\/Eklipse-2019-PM_3-Bot-web-pixel.png","contentUrl":"https:\/\/bodegasitsasmendi.com\/wp-content\/uploads\/Eklipse-2019-PM_3-Bot-web-pixel.png"},{"@type":"BreadcrumbList","@id":"https:\/\/bodegasitsasmendi.com\/eu\/gure-txakolinak\/eklipse\/#breadcrumb","itemListElement":[{"@type":"ListItem","position":1,"name":"Portada","item":"https:\/\/bodegasitsasmendi.com\/eu\/"},{"@type":"ListItem","position":2,"name":"Gure Txakolinak","item":"https:\/\/bodegasitsasmendi.com\/eu\/gure-txakolinak\/"},{"@type":"ListItem","position":3,"name":"Eklipse"}]},{"@type":"WebSite","@id":"https:\/\/bodegasitsasmendi.com\/eu\/#website","url":"https:\/\/bodegasitsasmendi.com\/eu\/","name":"Artizar Enoturismo","description":"Bodega de Txakoli","publisher":{"@id":"https:\/\/bodegasitsasmendi.com\/eu\/#organization"},"potentialAction":[{"@type":"SearchAction","target":{"@type":"EntryPoint","urlTemplate":"https:\/\/bodegasitsasmendi.com\/eu\/?s={search_term_string}"},"query-input":{"@type":"PropertyValueSpecification","valueRequired":true,"valueName":"search_term_string"}}],"inLanguage":"eu"},{"@type":"Organization","@id":"https:\/\/bodegasitsasmendi.com\/eu\/#organization","name":"Itsasmendi","url":"https:\/\/bodegasitsasmendi.com\/eu\/","logo":{"@type":"ImageObject","inLanguage":"eu","@id":"https:\/\/bodegasitsasmendi.com\/eu\/#\/schema\/logo\/image\/","url":"https:\/\/bodegasitsasmendi.com\/wp-content\/uploads\/LOGO-ITSASMENDI@2x.png","contentUrl":"https:\/\/bodegasitsasmendi.com\/wp-content\/uploads\/LOGO-ITSASMENDI@2x.png","width":508,"height":152,"caption":"Itsasmendi"},"image":{"@id":"https:\/\/bodegasitsasmendi.com\/eu\/#\/schema\/logo\/image\/"},"sameAs":["https:\/\/www.facebook.com\/profile.php?id=100034329375386","https:\/\/x.com\/bitsasmendi","https:\/\/www.instagram.com\/bodegasitsasmendi\/"]}]}},"featured_image_src":null,"featured_image_src_square":null,"_links":{"self":[{"href":"https:\/\/bodegasitsasmendi.com\/eu\/wp-json\/wp\/v2\/pages\/9391","targetHints":{"allow":["GET"]}}],"collection":[{"href":"https:\/\/bodegasitsasmendi.com\/eu\/wp-json\/wp\/v2\/pages"}],"about":[{"href":"https:\/\/bodegasitsasmendi.com\/eu\/wp-json\/wp\/v2\/types\/page"}],"author":[{"embeddable":true,"href":"https:\/\/bodegasitsasmendi.com\/eu\/wp-json\/wp\/v2\/users\/1"}],"replies":[{"embeddable":true,"href":"https:\/\/bodegasitsasmendi.com\/eu\/wp-json\/wp\/v2\/comments?post=9391"}],"version-history":[{"count":8,"href":"https:\/\/bodegasitsasmendi.com\/eu\/wp-json\/wp\/v2\/pages\/9391\/revisions"}],"predecessor-version":[{"id":11396,"href":"https:\/\/bodegasitsasmendi.com\/eu\/wp-json\/wp\/v2\/pages\/9391\/revisions\/11396"}],"up":[{"embeddable":true,"href":"https:\/\/bodegasitsasmendi.com\/eu\/wp-json\/wp\/v2\/pages\/9362"}],"wp:attachment":[{"href":"https:\/\/bodegasitsasmendi.com\/eu\/wp-json\/wp\/v2\/media?parent=9391"}],"curies":[{"name":"wp","href":"https:\/\/api.w.org\/{rel}","templated":true}]}}